{"id":814,"date":"2019-05-28T09:42:40","date_gmt":"2019-05-28T09:42:40","guid":{"rendered":"https:\/\/holzprof.ee\/?page_id=814"},"modified":"2025-03-18T09:56:14","modified_gmt":"2025-03-18T09:56:14","slug":"esileht","status":"publish","type":"page","link":"https:\/\/holzprof.ee\/et\/","title":{"rendered":"Esileht"},"content":{"rendered":"<ul>\n<li>\n<p>        <img decoding=\"async\" src=\"\/wp-content\/uploads\/2-3.jpg\" alt=\"Holz Prof O\u00dc\"><\/p>\n<h1>Holz Prof O\u00dc<\/h1>\n<div>\n<div style=\"font-size: 28px; max-width: 800px; text-transform: uppercase; font-weight: 500;\" align=\"center\">Pakutavad tooted sobivad kasutamiseks nii t\u00f6\u00f6stuses, avalikus ruumis kui ka erasektoris. K\u00f5ik tooted v\u00f5ib kasutada nii sise \u2013 kui ka v\u00e4litingimustes<\/div>\n<\/div>\n<\/li>\n<li>\n<p>        <img decoding=\"async\" src=\"\/wp-content\/uploads\/fire-proofing-1.jpg\" alt=\"Meie kreedo\"><\/p>\n<h1>Meie kreedo<\/h1>\n<div>\n<div style=\"font-size: 28px; max-width: 800px; text-transform: uppercase; font-weight: 500;\" align=\"center\">Keskkonnas\u00e4\u00e4stlikkus &#8212; Innovatsioon &#8212; K\u00f5rge kvaliteet<\/div>\n<\/div>\n<\/li>\n<\/ul>\n<h2>Meie p\u00f5hisuunad on<\/h2>\n<div>\n<p>        <img decoding=\"async\" src=\"\/wp-content\/uploads\/Functional-and-decorative.jpg\" alt=\"Tulet\u00f5kkepuidu kaitse\"><\/p>\n<p><a href=\"\/et\/tooted\/\"><\/a><\/p>\n<\/div>\n<h2>Tulet\u00f5kkepuidu kaitse<\/h2>\n<div>\n<p>        <img decoding=\"async\" src=\"\/wp-content\/uploads\/metal-treatment-1.jpg\" alt=\"Metalli kaitse\"><\/p>\n<p><a href=\"\/et\/tooted\/#metalli-kaitse\"><\/a><\/p>\n<\/div>\n<h2>Metalli kaitse<\/h2>\n<div>\n<p>        <img decoding=\"async\" src=\"\/wp-content\/uploads\/wood-protection-treatment.jpg\" alt=\"Puidu kaitse\"><\/p>\n<p><a href=\"\/et\/tooted\/#puidu-kaitse\"><\/a><\/p>\n<\/div>\n<h2>Puidu kaitse<\/h2>\n<div>\n<p>        <img decoding=\"async\" src=\"\/wp-content\/uploads\/cleaning-disinfection-treatment.jpg\" alt=\"Puhastamine ja desinfitseerimine\"><\/p>\n<p><a href=\"\/et\/tooted\/#puhastamine-desinfitseerimine\"><\/a><\/p>\n<\/div>\n<h2>Puhastamine ja desinfitseerimine<\/h2>\n<h3>Holz Prof O\u00dc<\/h3>\n<div>HolzProf O\u00dc on tegutsenud turul juba \u00fcle 20 aasta.<\/p>\n<p>Meie tegevusaladeks on puit-, metall- ja muude pindade t\u00f6\u00f6tlemiseks sobivate keskkonnas\u00f5bralike toodete v\u00e4ljat\u00f6\u00f6tamine, tootmine ja m\u00fc\u00fck.<\/p>\n<p>Tootmistehnoloogia pidev t\u00e4iustamine tagab toodete kestva kvaliteedi ja t\u00f5hususe. K\u00f5ik meie tooted vastavad kehtivate standardite n\u00f5uetele. Toodang on l\u00e4binud spetsiaalsed katsetused ning neile on omistatud vastavad sertifikaadid Euroopa akrediteerimis- ja sertifitseerimisasutuste poolt.<\/p><\/div>\n<p><p>\n        <a href=\"\/et\/firmast\/\">Firmast<\/a>\n    <\/p>\n<\/p>\n<p><!--more--><br \/>\n<!-- {\"type\":\"layout\",\"children\":[{\"name\":\"Slider\",\"type\":\"section\",\"props\":{\"animation\":\"fade\",\"image_position\":\"center-center\",\"padding\":\"none\",\"padding_remove_top\":false,\"style\":\"default\",\"title_breakpoint\":\"xl\",\"title_position\":\"top-left\",\"title_rotation\":\"left\",\"vertical_align\":\"\",\"width\":\"\"},\"children\":[{\"type\":\"row\",\"props\":{\"margin_remove_bottom\":false,\"margin_remove_top\":false},\"children\":[{\"type\":\"column\",\"props\":{\"image_position\":\"center-center\",\"position_sticky_breakpoint\":\"m\",\"width_medium\":\"1-1\"},\"children\":[{\"type\":\"slideshow\",\"props\":{\"container_padding_remove\":false,\"content_style\":\"text-lead\",\"link_style\":\"default\",\"link_text\":\"Read more\",\"margin\":\"default\",\"margin_remove_top\":false,\"meta_align\":\"below-title\",\"meta_color\":\"emphasis\",\"meta_element\":\"div\",\"meta_style\":\"h4\",\"nav\":\"dotnav\",\"nav_align\":\"center\",\"nav_below\":false,\"nav_breakpoint\":\"\",\"nav_position\":\"bottom-center\",\"nav_position_margin\":\"medium\",\"nav_vertical\":false,\"overlay_animation\":\"parallax\",\"overlay_position\":\"center\",\"parallax_breakpoint\":\"m\",\"parallax_y\":\"0,-50\",\"show_content\":true,\"show_link\":true,\"show_meta\":true,\"show_thumbnail\":true,\"show_title\":true,\"slidenav\":\"bottom-right\",\"slidenav_breakpoint\":\"m\",\"slidenav_hover\":false,\"slidenav_large\":false,\"slidenav_margin\":\"\",\"slidenav_outside_breakpoint\":\"xl\",\"slideshow_animation\":\"pull\",\"slideshow_autoplay\":true,\"slideshow_autoplay_interval\":\"6\",\"slideshow_autoplay_pause\":false,\"slideshow_height\":\"viewport\",\"slideshow_height_offset_top\":true,\"slideshow_kenburns\":\"center-left\",\"slideshow_kenburns_duration\":\"60\",\"slideshow_min_height\":\"500\",\"slideshow_velocity\":\"0.8\",\"text_align\":\"center\",\"text_color\":\"light\",\"thumbnav_height\":\"100\",\"thumbnav_nowrap\":true,\"thumbnav_svg_color\":\"emphasis\",\"thumbnav_width\":\"150\",\"title_color\":\"muted\",\"title_decoration\":\"divider\",\"title_element\":\"h1\",\"title_hover_style\":\"reset\",\"title_margin\":\"remove\",\"title_style\":\"heading-xlarge\"},\"children\":[{\"type\":\"slideshow_item\",\"props\":{\"content\":\"\n\n<div style=\\\"font-size: 28px; max-width: 800px; text-transform: uppercase; font-weight: 500;\\\" align=\\\"center\\\">Pakutavad tooted sobivad kasutamiseks nii t\\u00f6\\u00f6stuses, avalikus ruumis kui ka erasektoris. K\\u00f5ik tooted v\\u00f5ib kasutada nii sise \\u2013 kui ka v\\u00e4litingimustes<\\\/div>\",\"image\":\"wp-content\\\/uploads\\\/2-3.jpg\",\"image_alt\":\"Holz Prof O\\u00dc\",\"media_background\":\"rgba(69, 69, 69, 0.63)\",\"meta\":\"\",\"text_color\":\"light\",\"title\":\"Holz Prof O\\u00dc\"}},{\"type\":\"slideshow_item\",\"props\":{\"content\":\"\n\n<div style=\\\"font-size: 28px; max-width: 800px; text-transform: uppercase; font-weight: 500;\\\" align=\\\"center\\\">Keskkonnas\\u00e4\\u00e4stlikkus &#8212; Innovatsioon &#8212; K\\u00f5rge kvaliteet<\\\/div>\",\"image\":\"wp-content\\\/uploads\\\/fire-proofing-1.jpg\",\"image_alt\":\"Meie kreedo\",\"meta\":\"\",\"text_color\":\"light\",\"title\":\"Meie kreedo\"}}]}]}]}]},{\"name\":\"Our main directions\",\"type\":\"section\",\"props\":{\"animation\":\"slide-bottom-medium\",\"animation_delay\":false,\"image_position\":\"center-center\",\"overlap\":false,\"padding\":\"xlarge\",\"padding_remove_bottom\":false,\"padding_remove_top\":false,\"style\":\"default\",\"title_breakpoint\":\"xl\",\"title_position\":\"top-left\",\"title_rotation\":\"left\",\"vertical_align\":\"\",\"width\":\"large\"},\"children\":[{\"type\":\"row\",\"props\":{\"column_gap\":\"small\",\"margin\":\"large\",\"margin_remove_bottom\":false,\"margin_remove_top\":false,\"row_gap\":\"small\"},\"children\":[{\"type\":\"column\",\"props\":{\"image_position\":\"center-center\",\"position_sticky_breakpoint\":\"m\",\"vertical_align\":\"middle\",\"width_medium\":\"1-1\"},\"children\":[{\"type\":\"headline\",\"props\":{\"block_align\":\"center\",\"content\":\"Meie p\\u00f5hisuunad on\",\"maxwidth_breakpoint\":\"m\",\"parallax_breakpoint\":\"m\",\"parallax_end\":\"70vh + 70%\",\"parallax_opacity\":\"0.3,1\",\"parallax_y\":\"15,0\",\"text_align\":\"center\",\"text_align_fallback\":\"center\",\"title_element\":\"h2\",\"title_style\":\"heading-small\"}}]}]},{\"type\":\"row\",\"props\":{\"column_gap\":\"small\",\"layout\":\"1-2,1-2\",\"margin\":\"large\",\"row_gap\":\"small\",\"width\":\"small\"},\"children\":[{\"type\":\"column\",\"props\":{\"image_position\":\"center-center\",\"padding\":\"small\",\"position_sticky_breakpoint\":\"m\",\"width_medium\":\"1-2\"},\"children\":[{\"type\":\"overlay\",\"props\":{\"image\":\"wp-content\\\/uploads\\\/Functional-and-decorative.jpg\",\"image_alt\":\"Tulet\\u00f5kkepuidu kaitse\",\"image_transition\":\"scale-up\",\"link\":\"\\\/et\\\/tooted\\\/\",\"link_style\":\"default\",\"link_text\":\"\",\"margin\":\"default\",\"meta_align\":\"below-title\",\"meta_element\":\"div\",\"meta_style\":\"text-meta\",\"overlay_hover\":false,\"overlay_link\":true,\"overlay_mode\":\"cover\",\"overlay_position\":\"center\",\"overlay_style\":\"\",\"overlay_transition\":\"fade\",\"overlay_transition_background\":true,\"text_align\":\"center\",\"text_color\":\"light\",\"title_element\":\"h3\",\"title_hover_style\":\"reset\"}},{\"type\":\"headline\",\"props\":{\"content\":\"Tulet\\u00f5kkepuidu kaitse\",\"margin\":\"medium\",\"margin_remove_top\":true,\"text_align\":\"center\",\"title_element\":\"h2\",\"title_style\":\"h3\"}},{\"type\":\"overlay\",\"props\":{\"image\":\"wp-content\\\/uploads\\\/metal-treatment-1.jpg\",\"image_alt\":\"Metalli kaitse\",\"image_transition\":\"scale-up\",\"link\":\"\\\/et\\\/tooted\\\/#metalli-kaitse\",\"link_style\":\"default\",\"link_text\":\"\",\"margin\":\"default\",\"meta_align\":\"below-title\",\"meta_element\":\"div\",\"meta_style\":\"text-meta\",\"overlay_hover\":false,\"overlay_link\":true,\"overlay_mode\":\"cover\",\"overlay_position\":\"center\",\"overlay_style\":\"\",\"overlay_transition\":\"fade\",\"overlay_transition_background\":true,\"text_align\":\"center\",\"text_color\":\"light\",\"title_element\":\"h3\",\"title_hover_style\":\"reset\"}},{\"type\":\"headline\",\"props\":{\"content\":\"Metalli kaitse\",\"margin\":\"medium\",\"margin_remove_top\":true,\"text_align\":\"center\",\"title_element\":\"h2\",\"title_style\":\"h3\"}}]},{\"type\":\"column\",\"props\":{\"image_position\":\"center-center\",\"padding\":\"small\",\"position_sticky_breakpoint\":\"m\",\"width_medium\":\"1-2\"},\"children\":[{\"type\":\"overlay\",\"props\":{\"image\":\"wp-content\\\/uploads\\\/wood-protection-treatment.jpg\",\"image_alt\":\"Puidu kaitse\",\"image_transition\":\"scale-up\",\"link\":\"\\\/et\\\/tooted\\\/#puidu-kaitse\",\"link_style\":\"default\",\"link_text\":\"\",\"margin\":\"default\",\"meta_align\":\"below-title\",\"meta_element\":\"div\",\"meta_style\":\"text-meta\",\"overlay_hover\":false,\"overlay_link\":true,\"overlay_mode\":\"cover\",\"overlay_position\":\"center\",\"overlay_style\":\"\",\"overlay_transition\":\"fade\",\"overlay_transition_background\":true,\"text_align\":\"center\",\"text_color\":\"light\",\"title_element\":\"h3\",\"title_hover_style\":\"reset\"}},{\"type\":\"headline\",\"props\":{\"content\":\"Puidu kaitse\",\"margin\":\"medium\",\"margin_remove_top\":true,\"text_align\":\"center\",\"title_element\":\"h2\",\"title_style\":\"h3\"}},{\"type\":\"overlay\",\"props\":{\"image\":\"wp-content\\\/uploads\\\/cleaning-disinfection-treatment.jpg\",\"image_alt\":\"Puhastamine ja desinfitseerimine\",\"image_transition\":\"scale-up\",\"link\":\"\\\/et\\\/tooted\\\/#puhastamine-desinfitseerimine\",\"link_style\":\"default\",\"link_text\":\"\",\"margin\":\"default\",\"meta_align\":\"below-title\",\"meta_element\":\"div\",\"meta_style\":\"text-meta\",\"overlay_hover\":false,\"overlay_link\":true,\"overlay_mode\":\"cover\",\"overlay_position\":\"center\",\"overlay_style\":\"\",\"overlay_transition\":\"fade\",\"overlay_transition_background\":true,\"text_align\":\"center\",\"text_color\":\"light\",\"title_element\":\"h3\",\"title_hover_style\":\"reset\"}},{\"type\":\"headline\",\"props\":{\"content\":\"Puhastamine ja desinfitseerimine\",\"margin\":\"medium\",\"margin_remove_top\":true,\"text_align\":\"center\",\"title_element\":\"h2\",\"title_style\":\"h3\"}}]}]}]},{\"name\":\"Team\",\"type\":\"section\",\"props\":{\"animation\":\"fade\",\"animation_delay\":\"200\",\"image\":\"wp-content\\\/uploads\\\/fire-retardant.jpg\",\"image_parallax_bgy\":\"10,-100\",\"image_parallax_breakpoint\":\"m\",\"image_position\":\"top-center\",\"padding\":\"xlarge\",\"padding_remove_bottom\":true,\"style\":\"default\",\"title_breakpoint\":\"\",\"title_position\":\"center-right\",\"title_rotation\":\"left\",\"vertical_align\":\"\",\"width\":\"xlarge\"},\"children\":[{\"type\":\"row\",\"props\":{\"column_gap\":\"collapse\",\"divider\":false,\"layout\":\"1-2,1-2\",\"margin\":\"xlarge\",\"margin_remove_bottom\":true,\"row_gap\":\"collapse\"},\"children\":[{\"type\":\"column\",\"props\":{\"image_position\":\"center-center\",\"position_sticky_breakpoint\":\"m\",\"style\":\"tile-default\",\"vertical_align\":\"middle\",\"width_medium\":\"1-2\"},\"children\":[{\"type\":\"headline\",\"props\":{\"block_align\":\"center\",\"content\":\"Holz Prof O\\u00dc\",\"margin\":\"medium\",\"margin_remove_top\":true,\"maxwidth_breakpoint\":\"m\",\"parallax_breakpoint\":\"m\",\"parallax_end\":\"70vh + 70%\",\"parallax_opacity\":\"0.3,1\",\"parallax_y\":\"20,0\",\"text_align\":\"left\",\"text_align_breakpoint\":\"m\",\"text_align_fallback\":\"center\",\"title_element\":\"h3\",\"title_style\":\"heading-medium\"}}]},{\"type\":\"column\",\"props\":{\"image_position\":\"center-center\",\"position_sticky_breakpoint\":\"m\",\"style\":\"tile-default\",\"vertical_align\":\"bottom\",\"width_medium\":\"1-2\"},\"children\":[{\"type\":\"text\",\"props\":{\"column_breakpoint\":\"m\",\"column_divider\":false,\"content\":\"HolzProf O\\u00dc on tegutsenud turul juba \\u00fcle 20 aasta.\\n\\nMeie tegevusaladeks on puit-, metall- ja muude pindade t\\u00f6\\u00f6tlemiseks sobivate keskkonnas\\u00f5bralike toodete v\\u00e4ljat\\u00f6\\u00f6tamine, tootmine ja m\\u00fc\\u00fck.\\n\\nTootmistehnoloogia pidev t\\u00e4iustamine tagab toodete kestva kvaliteedi ja t\\u00f5hususe. K\\u00f5ik meie tooted vastavad kehtivate standardite n\\u00f5uetele. Toodang on l\\u00e4binud spetsiaalsed katsetused ning neile on omistatud vastavad sertifikaadid Euroopa akrediteerimis- ja sertifitseerimisasutuste poolt.\",\"margin\":\"default\",\"text_align\":\"justify\"}},{\"type\":\"button\",\"props\":{\"grid_column_gap\":\"small\",\"grid_row_gap\":\"small\",\"margin\":\"medium\",\"margin_remove_top\":true,\"text_align\":\"right\",\"text_align_breakpoint\":\"m\",\"text_align_fallback\":\"center\"},\"children\":[{\"type\":\"button_item\",\"props\":{\"button_style\":\"text\",\"content\":\"Firmast\",\"dialog_layout\":\"modal\",\"dialog_offcanvas_flip\":true,\"icon_align\":\"left\",\"link\":\"\\\/et\\\/firmast\\\/\"}}]}]}]}]}],\"version\":\"4.5.1\"} --><\/p>\n","protected":false},"excerpt":{"rendered":"<p>Holz Prof O\u00dc Pakutavad tooted sobivad kasutamiseks nii t\u00f6\u00f6stuses, avalikus ruumis kui ka erasektoris. K\u00f5ik tooted v\u00f5ib kasutada nii sise \u2013 kui ka v\u00e4litingimustes Meie kreedo Keskkonnas\u00e4\u00e4stlikkus &#8212; Innovatsioon &#8212; K\u00f5rge kvaliteet Meie p\u00f5hisuunad on Tulet\u00f5kkepuidu kaitse Metalli kaitse Puidu kaitse Puhastamine ja desinfitseerimine Holz Prof O\u00dc HolzProf O\u00dc on tegutsenud turul juba \u00fcle 20 [&hellip;]<\/p>\n","protected":false},"author":1,"featured_media":0,"parent":0,"menu_order":10,"comment_status":"closed","ping_status":"closed","template":"","meta":{"footnotes":""},"class_list":["post-814","page","type-page","status-publish","hentry"],"yoast_head":"<!-- This site is optimized with the Yoast SEO plugin v27.3 - https:\/\/yoast.com\/product\/yoast-seo-wordpress\/ -->\n<title>Puidukaitsevahendid, puidukaitse, korrosioonikaitse - Holz Prof O\u00dc<\/title>\n<meta name=\"description\" content=\"Meie tegevusaladeks on puit-, metall- ja muude pindade t\u00f6\u00f6tlemiseks sobivate keskkonnas\u00f5bralike toodete v\u00e4ljat\u00f6\u00f6tamine, tootmine ja m\u00fc\u00fck.\" \/>\n<meta name=\"robots\" content=\"index, follow, max-snippet:-1, max-image-preview:large, max-video-preview:-1\" \/>\n<link rel=\"canonical\" href=\"https:\/\/holzprof.ee\/et\/\" \/>\n<meta property=\"og:locale\" content=\"et_EE\" \/>\n<meta property=\"og:type\" content=\"article\" \/>\n<meta property=\"og:title\" content=\"Puidukaitsevahendid, puidukaitse, korrosioonikaitse - Holz Prof O\u00dc\" \/>\n<meta property=\"og:description\" content=\"Meie tegevusaladeks on puit-, metall- ja muude pindade t\u00f6\u00f6tlemiseks sobivate keskkonnas\u00f5bralike toodete v\u00e4ljat\u00f6\u00f6tamine, tootmine ja m\u00fc\u00fck.\" \/>\n<meta property=\"og:url\" content=\"https:\/\/holzprof.ee\/et\/\" \/>\n<meta property=\"og:site_name\" content=\"Holz Prof O\u00dc\" \/>\n<meta property=\"article:publisher\" content=\"http:\/\/www.facebook.com\/holzprof.ee\" \/>\n<meta property=\"article:modified_time\" content=\"2025-03-18T09:56:14+00:00\" \/>\n<meta name=\"twitter:label1\" content=\"Est. reading time\" \/>\n\t<meta name=\"twitter:data1\" content=\"1 minut\" \/>\n<script type=\"application\/ld+json\" class=\"yoast-schema-graph\">{\"@context\":\"https:\\\/\\\/schema.org\",\"@graph\":[{\"@type\":\"WebPage\",\"@id\":\"https:\\\/\\\/holzprof.ee\\\/et\\\/\",\"url\":\"https:\\\/\\\/holzprof.ee\\\/et\\\/\",\"name\":\"Puidukaitsevahendid, puidukaitse, korrosioonikaitse - Holz Prof O\u00dc\",\"isPartOf\":{\"@id\":\"https:\\\/\\\/holzprof.ee\\\/et\\\/#website\"},\"datePublished\":\"2019-05-28T09:42:40+00:00\",\"dateModified\":\"2025-03-18T09:56:14+00:00\",\"description\":\"Meie tegevusaladeks on puit-, metall- ja muude pindade t\u00f6\u00f6tlemiseks sobivate keskkonnas\u00f5bralike toodete v\u00e4ljat\u00f6\u00f6tamine, tootmine ja m\u00fc\u00fck.\",\"breadcrumb\":{\"@id\":\"https:\\\/\\\/holzprof.ee\\\/et\\\/#breadcrumb\"},\"inLanguage\":\"et\",\"potentialAction\":[{\"@type\":\"ReadAction\",\"target\":[\"https:\\\/\\\/holzprof.ee\\\/et\\\/\"]}]},{\"@type\":\"BreadcrumbList\",\"@id\":\"https:\\\/\\\/holzprof.ee\\\/et\\\/#breadcrumb\",\"itemListElement\":[{\"@type\":\"ListItem\",\"position\":1,\"name\":\"Home\",\"item\":\"https:\\\/\\\/holzprof.ee\\\/et\\\/\"},{\"@type\":\"ListItem\",\"position\":2,\"name\":\"Esileht\"}]},{\"@type\":\"WebSite\",\"@id\":\"https:\\\/\\\/holzprof.ee\\\/et\\\/#website\",\"url\":\"https:\\\/\\\/holzprof.ee\\\/et\\\/\",\"name\":\"Holz Prof O\u00dc\",\"description\":\"\",\"publisher\":{\"@id\":\"https:\\\/\\\/holzprof.ee\\\/et\\\/#organization\"},\"potentialAction\":[{\"@type\":\"SearchAction\",\"target\":{\"@type\":\"EntryPoint\",\"urlTemplate\":\"https:\\\/\\\/holzprof.ee\\\/et\\\/?s={search_term_string}\"},\"query-input\":{\"@type\":\"PropertyValueSpecification\",\"valueRequired\":true,\"valueName\":\"search_term_string\"}}],\"inLanguage\":\"et\"},{\"@type\":\"Organization\",\"@id\":\"https:\\\/\\\/holzprof.ee\\\/et\\\/#organization\",\"name\":\"Holz Prof O\u00dc\",\"url\":\"https:\\\/\\\/holzprof.ee\\\/et\\\/\",\"logo\":{\"@type\":\"ImageObject\",\"inLanguage\":\"et\",\"@id\":\"https:\\\/\\\/holzprof.ee\\\/et\\\/#\\\/schema\\\/logo\\\/image\\\/\",\"url\":\"https:\\\/\\\/holzprof.ee\\\/wp-content\\\/uploads\\\/holzprof.svg\",\"contentUrl\":\"https:\\\/\\\/holzprof.ee\\\/wp-content\\\/uploads\\\/holzprof.svg\",\"width\":1,\"height\":1,\"caption\":\"Holz Prof O\u00dc\"},\"image\":{\"@id\":\"https:\\\/\\\/holzprof.ee\\\/et\\\/#\\\/schema\\\/logo\\\/image\\\/\"},\"sameAs\":[\"http:\\\/\\\/www.facebook.com\\\/holzprof.ee\",\"https:\\\/\\\/x.com\\\/Holzprof\",\"http:\\\/\\\/www.instagram.com\\\/holzprof.ee\\\/\",\"http:\\\/\\\/www.pinterest.com\\\/holzprof\\\/\",\"http:\\\/\\\/www.youtube.com\\\/channel\\\/UC_ZF2B6Qho67io31S7-P_9w\"]}]}<\/script>\n<!-- \/ Yoast SEO plugin. -->","yoast_head_json":{"title":"Puidukaitsevahendid, puidukaitse, korrosioonikaitse - Holz Prof O\u00dc","description":"Meie tegevusaladeks on puit-, metall- ja muude pindade t\u00f6\u00f6tlemiseks sobivate keskkonnas\u00f5bralike toodete v\u00e4ljat\u00f6\u00f6tamine, tootmine ja m\u00fc\u00fck.","robots":{"index":"index","follow":"follow","max-snippet":"max-snippet:-1","max-image-preview":"max-image-preview:large","max-video-preview":"max-video-preview:-1"},"canonical":"https:\/\/holzprof.ee\/et\/","og_locale":"et_EE","og_type":"article","og_title":"Puidukaitsevahendid, puidukaitse, korrosioonikaitse - Holz Prof O\u00dc","og_description":"Meie tegevusaladeks on puit-, metall- ja muude pindade t\u00f6\u00f6tlemiseks sobivate keskkonnas\u00f5bralike toodete v\u00e4ljat\u00f6\u00f6tamine, tootmine ja m\u00fc\u00fck.","og_url":"https:\/\/holzprof.ee\/et\/","og_site_name":"Holz Prof O\u00dc","article_publisher":"http:\/\/www.facebook.com\/holzprof.ee","article_modified_time":"2025-03-18T09:56:14+00:00","twitter_misc":{"Est. reading time":"1 minut"},"schema":{"@context":"https:\/\/schema.org","@graph":[{"@type":"WebPage","@id":"https:\/\/holzprof.ee\/et\/","url":"https:\/\/holzprof.ee\/et\/","name":"Puidukaitsevahendid, puidukaitse, korrosioonikaitse - Holz Prof O\u00dc","isPartOf":{"@id":"https:\/\/holzprof.ee\/et\/#website"},"datePublished":"2019-05-28T09:42:40+00:00","dateModified":"2025-03-18T09:56:14+00:00","description":"Meie tegevusaladeks on puit-, metall- ja muude pindade t\u00f6\u00f6tlemiseks sobivate keskkonnas\u00f5bralike toodete v\u00e4ljat\u00f6\u00f6tamine, tootmine ja m\u00fc\u00fck.","breadcrumb":{"@id":"https:\/\/holzprof.ee\/et\/#breadcrumb"},"inLanguage":"et","potentialAction":[{"@type":"ReadAction","target":["https:\/\/holzprof.ee\/et\/"]}]},{"@type":"BreadcrumbList","@id":"https:\/\/holzprof.ee\/et\/#breadcrumb","itemListElement":[{"@type":"ListItem","position":1,"name":"Home","item":"https:\/\/holzprof.ee\/et\/"},{"@type":"ListItem","position":2,"name":"Esileht"}]},{"@type":"WebSite","@id":"https:\/\/holzprof.ee\/et\/#website","url":"https:\/\/holzprof.ee\/et\/","name":"Holz Prof O\u00dc","description":"","publisher":{"@id":"https:\/\/holzprof.ee\/et\/#organization"},"potentialAction":[{"@type":"SearchAction","target":{"@type":"EntryPoint","urlTemplate":"https:\/\/holzprof.ee\/et\/?s={search_term_string}"},"query-input":{"@type":"PropertyValueSpecification","valueRequired":true,"valueName":"search_term_string"}}],"inLanguage":"et"},{"@type":"Organization","@id":"https:\/\/holzprof.ee\/et\/#organization","name":"Holz Prof O\u00dc","url":"https:\/\/holzprof.ee\/et\/","logo":{"@type":"ImageObject","inLanguage":"et","@id":"https:\/\/holzprof.ee\/et\/#\/schema\/logo\/image\/","url":"https:\/\/holzprof.ee\/wp-content\/uploads\/holzprof.svg","contentUrl":"https:\/\/holzprof.ee\/wp-content\/uploads\/holzprof.svg","width":1,"height":1,"caption":"Holz Prof O\u00dc"},"image":{"@id":"https:\/\/holzprof.ee\/et\/#\/schema\/logo\/image\/"},"sameAs":["http:\/\/www.facebook.com\/holzprof.ee","https:\/\/x.com\/Holzprof","http:\/\/www.instagram.com\/holzprof.ee\/","http:\/\/www.pinterest.com\/holzprof\/","http:\/\/www.youtube.com\/channel\/UC_ZF2B6Qho67io31S7-P_9w"]}]}},"_links":{"self":[{"href":"https:\/\/holzprof.ee\/et\/wp-json\/wp\/v2\/pages\/814","targetHints":{"allow":["GET"]}}],"collection":[{"href":"https:\/\/holzprof.ee\/et\/wp-json\/wp\/v2\/pages"}],"about":[{"href":"https:\/\/holzprof.ee\/et\/wp-json\/wp\/v2\/types\/page"}],"author":[{"embeddable":true,"href":"https:\/\/holzprof.ee\/et\/wp-json\/wp\/v2\/users\/1"}],"replies":[{"embeddable":true,"href":"https:\/\/holzprof.ee\/et\/wp-json\/wp\/v2\/comments?post=814"}],"version-history":[{"count":13,"href":"https:\/\/holzprof.ee\/et\/wp-json\/wp\/v2\/pages\/814\/revisions"}],"predecessor-version":[{"id":2410,"href":"https:\/\/holzprof.ee\/et\/wp-json\/wp\/v2\/pages\/814\/revisions\/2410"}],"wp:attachment":[{"href":"https:\/\/holzprof.ee\/et\/wp-json\/wp\/v2\/media?parent=814"}],"curies":[{"name":"wp","href":"https:\/\/api.w.org\/{rel}","templated":true}]}}