{"id":816,"date":"2019-05-28T09:47:23","date_gmt":"2019-05-28T09:47:23","guid":{"rendered":"https:\/\/holzprof.ee\/?page_id=816"},"modified":"2025-04-01T08:09:48","modified_gmt":"2025-04-01T08:09:48","slug":"maailma-v-rgustik","status":"publish","type":"page","link":"https:\/\/holzprof.ee\/et\/maailma-v-rgustik\/","title":{"rendered":"Edasim\u00fc\u00fcjad"},"content":{"rendered":"<h1>Maailma v\u00f5rgustik<\/h1>\n<div>\n\n            <div \n                class=\"elfsight-widget-google-maps elfsight-widget\" \n                data-elfsight-google-maps-options=\"%7B%22markers%22%3A%5B%7B%22position%22%3A%22Finland%2C%20Karjaa%22%2C%22coordinates%22%3A%2260.0713904%2C%2023.661911199999963%22%2C%22infoTitle%22%3A%22Finland%2C%20Karjaa%22%2C%22category%22%3A%22%22%2C%22icon%22%3A%22custom%22%2C%22iconUrl%22%3A%22%22%2C%22infoDescription%22%3A%22%22%2C%22infoImage%22%3A%22%22%2C%22infoAddress%22%3A%22%22%2C%22infoSite%22%3A%22http%3A%5C%2F%5C%2Fwww.hrprof.eu%22%2C%22infoPhone%22%3A%22%2B358%2044%200558%20373%22%2C%22infoEmail%22%3A%22myynti%40hrprof.eu%22%2C%22infoWorkingHours%22%3A%22%22%2C%22markerClickAction%22%3A%22infoWindow%22%2C%22infoWindowOpenedByDefault%22%3Afalse%2C%22linkUrl%22%3A%22%22%2C%22animation%22%3A%22drop%22%7D%2C%7B%22position%22%3A%22Sweden%2C%20Stockholm%22%2C%22coordinates%22%3A%2259.32932349999999%2C%2018.068580800000063%22%2C%22infoTitle%22%3A%22Sweden%2C%20Stockholm%22%2C%22category%22%3A%22%22%2C%22icon%22%3A%22default%22%2C%22iconUrl%22%3A%22%22%2C%22infoDescription%22%3A%22%22%2C%22infoImage%22%3A%22%22%2C%22infoAddress%22%3A%22%22%2C%22infoSite%22%3A%22holzprof.com%22%2C%22infoPhone%22%3A%22%22%2C%22infoEmail%22%3A%22sales%40holzprof.com%22%2C%22infoWorkingHours%22%3A%22%22%2C%22markerClickAction%22%3A%22infoWindow%22%2C%22infoWindowOpenedByDefault%22%3Afalse%2C%22linkUrl%22%3A%22%22%2C%22animation%22%3A%22drop%22%7D%2C%7B%22position%22%3A%22Latvia%2C%20Riga%22%2C%22coordinates%22%3A%2256.9496487%2C%2024.105186499999945%22%2C%22infoTitle%22%3A%22Latvia%2C%20Riga%22%2C%22category%22%3A%22%22%2C%22icon%22%3A%22default%22%2C%22iconUrl%22%3A%22%22%2C%22infoDescription%22%3A%22%22%2C%22infoImage%22%3A%22%22%2C%22infoAddress%22%3A%22%22%2C%22infoSite%22%3A%22https%3A%5C%2F%5C%2Fkrasucentrs.lv%22%2C%22infoPhone%22%3A%22%22%2C%22infoEmail%22%3A%22info%40krasucentrs.lv%22%2C%22infoWorkingHours%22%3A%22%22%2C%22markerClickAction%22%3A%22infoWindow%22%2C%22infoWindowOpenedByDefault%22%3Afalse%2C%22linkUrl%22%3A%22%22%2C%22animation%22%3A%22drop%22%7D%2C%7B%22position%22%3A%22Lithuania%2C%20Vilnius%22%2C%22coordinates%22%3A%2254.6871555%2C%2025.279651400000034%22%2C%22infoTitle%22%3A%22Lithuania%2C%20Vilnius%22%2C%22category%22%3A%22%22%2C%22icon%22%3A%22default%22%2C%22iconUrl%22%3A%22%22%2C%22infoDescription%22%3A%22%22%2C%22infoImage%22%3A%22%22%2C%22infoAddress%22%3A%22%22%2C%22infoSite%22%3A%22http%3A%5C%2F%5C%2Fwww.holzprof.lt%22%2C%22infoPhone%22%3A%22%2B370%20632%2088882%22%2C%22infoEmail%22%3A%22info%40holzprof.lt%22%2C%22infoWorkingHours%22%3A%22%22%2C%22markerClickAction%22%3A%22infoWindow%22%2C%22infoWindowOpenedByDefault%22%3Afalse%2C%22linkUrl%22%3A%22%22%2C%22animation%22%3A%22drop%22%7D%2C%7B%22position%22%3A%22Poland%2C%20Kicin%22%2C%22coordinates%22%3A%2252.4651931%2C%2017.0205866%22%2C%22infoTitle%22%3A%22Poland%2C%20Kicin%22%2C%22category%22%3A%22%22%2C%22icon%22%3A%22default%22%2C%22iconUrl%22%3A%22%22%2C%22infoDescription%22%3A%22%22%2C%22infoImage%22%3A%22%22%2C%22infoAddress%22%3A%22%22%2C%22infoSite%22%3A%22http%3A%5C%2F%5C%2Fwww.holzprof.pl%22%2C%22infoPhone%22%3A%22%2B48%2061%20812%2010%2012%22%2C%22infoEmail%22%3A%22info%40holzprof.pl%22%2C%22infoWorkingHours%22%3A%22%22%2C%22markerClickAction%22%3A%22infoWindow%22%2C%22infoWindowOpenedByDefault%22%3Afalse%2C%22linkUrl%22%3A%22%22%2C%22animation%22%3A%22drop%22%7D%2C%7B%22position%22%3A%22United%20Kingdom%2C%20London%22%2C%22coordinates%22%3A%2251.5073509%2C%20-0.12775829999998223%22%2C%22infoTitle%22%3A%22United%20Kingdom%2C%20London%22%2C%22category%22%3A%22%22%2C%22icon%22%3A%22default%22%2C%22iconUrl%22%3A%22%22%2C%22infoDescription%22%3A%22%22%2C%22infoImage%22%3A%22%22%2C%22infoAddress%22%3A%22%22%2C%22infoSite%22%3A%22http%3A%5C%2F%5C%2Fwww.fireretardantuk.com%22%2C%22infoPhone%22%3A%22%22%2C%22infoEmail%22%3A%22enquiries%40fireretardantuk.com%22%2C%22infoWorkingHours%22%3A%22%22%2C%22markerClickAction%22%3A%22infoWindow%22%2C%22infoWindowOpenedByDefault%22%3Afalse%2C%22linkUrl%22%3A%22%22%2C%22animation%22%3A%22drop%22%7D%2C%7B%22position%22%3A%22Estonia%2C%20Tallinn%22%2C%22coordinates%22%3A%2259.43696079999999%2C%2024.753574699999945%22%2C%22infoTitle%22%3A%22Estonia%2C%20Tallinn%22%2C%22category%22%3A%22%22%2C%22icon%22%3A%22default%22%2C%22iconUrl%22%3A%22%22%2C%22infoDescription%22%3A%22%22%2C%22infoImage%22%3A%22%22%2C%22infoAddress%22%3A%22%22%2C%22infoSite%22%3A%22holzprof.ee%22%2C%22infoPhone%22%3A%22%2B372%2055612370%22%2C%22infoEmail%22%3A%22info%40holzprof.ee%22%2C%22infoWorkingHours%22%3A%22%22%2C%22markerClickAction%22%3A%22infoWindow%22%2C%22infoWindowOpenedByDefault%22%3Afalse%2C%22linkUrl%22%3A%22%22%2C%22animation%22%3A%22drop%22%7D%2C%7B%22position%22%3A%22Berlin%2C%20Germany%22%2C%22coordinates%22%3A%2252.52000659999999%2C%2013.404954%22%2C%22infoTitle%22%3A%22Berlin%2C%20Germany%22%2C%22category%22%3A%22%22%2C%22icon%22%3A%22default%22%2C%22iconUrl%22%3A%22%22%2C%22infoDescription%22%3A%22%22%2C%22infoImage%22%3A%7B%22name%22%3A%22%22%2C%22url%22%3A%22%22%7D%2C%22infoAddress%22%3A%22%22%2C%22infoSite%22%3A%22holzprof.com%22%2C%22infoPhone%22%3A%22%22%2C%22infoEmail%22%3A%22sales%40holzprof.com%22%2C%22infoWorkingHours%22%3A%22%22%2C%22markerClickAction%22%3A%22infoWindow%22%2C%22infoWindowOpenedByDefault%22%3Afalse%2C%22linkUrl%22%3A%22%22%2C%22animation%22%3A%22drop%22%7D%2C%7B%22position%22%3A%22Vienna%2C%20Austria%22%2C%22coordinates%22%3A%2248.2081743%2C%2016.3738189%22%2C%22infoTitle%22%3A%22Vienna%2C%20Austria%22%2C%22category%22%3A%22%22%2C%22icon%22%3A%22default%22%2C%22iconUrl%22%3A%22%22%2C%22infoDescription%22%3A%22%22%2C%22infoImage%22%3A%7B%22name%22%3A%22%22%2C%22url%22%3A%22%22%7D%2C%22infoAddress%22%3A%22%22%2C%22infoSite%22%3A%22holzprof.com%22%2C%22infoPhone%22%3A%22%22%2C%22infoEmail%22%3A%22sales%40holzprof.com%22%2C%22infoWorkingHours%22%3A%22%22%2C%22markerClickAction%22%3A%22infoWindow%22%2C%22infoWindowOpenedByDefault%22%3Afalse%2C%22linkUrl%22%3A%22%22%2C%22animation%22%3A%22drop%22%7D%2C%7B%22position%22%3A%22Milan%2C%20Italy%22%2C%22coordinates%22%3A%2245.4642035%2C%209.189982%22%2C%22infoTitle%22%3A%22Milan%2C%20Italy%22%2C%22category%22%3A%22%22%2C%22icon%22%3A%22default%22%2C%22iconUrl%22%3A%22%22%2C%22infoDescription%22%3A%22%22%2C%22infoImage%22%3A%7B%22name%22%3A%22%22%2C%22url%22%3A%22%22%7D%2C%22infoAddress%22%3A%22%22%2C%22infoSite%22%3A%22holzprof.com%22%2C%22infoPhone%22%3A%22%22%2C%22infoEmail%22%3A%22sales%40holzprof.com%22%2C%22infoWorkingHours%22%3A%22%22%2C%22markerClickAction%22%3A%22infoWindow%22%2C%22infoWindowOpenedByDefault%22%3Afalse%2C%22linkUrl%22%3A%22%22%2C%22animation%22%3A%22drop%22%7D%2C%7B%22position%22%3A%22Madrid%2C%20Spain%22%2C%22coordinates%22%3A%2240.4167754%2C%20-3.7037902%22%2C%22infoTitle%22%3A%22Madrid%2C%20Spain%22%2C%22category%22%3A%22%22%2C%22icon%22%3A%22default%22%2C%22iconUrl%22%3A%22%22%2C%22infoDescription%22%3A%22%22%2C%22infoImage%22%3A%7B%22name%22%3A%22%22%2C%22url%22%3A%22%22%7D%2C%22infoAddress%22%3A%22%22%2C%22infoSite%22%3A%22holzprof.com%22%2C%22infoPhone%22%3A%22%22%2C%22infoEmail%22%3A%22sales%40holzprof.com%22%2C%22infoWorkingHours%22%3A%22%22%2C%22markerClickAction%22%3A%22infoWindow%22%2C%22infoWindowOpenedByDefault%22%3Afalse%2C%22linkUrl%22%3A%22%22%2C%22animation%22%3A%22drop%22%7D%2C%7B%22position%22%3A%22Z%5Cu00fcrich%2C%20Switzerland%22%2C%22coordinates%22%3A%2247.3768866%2C%208.541694%22%2C%22infoTitle%22%3A%22Z%5Cu00fcrich%2C%20Switzerland%22%2C%22category%22%3A%22%22%2C%22icon%22%3A%22default%22%2C%22iconUrl%22%3A%22%22%2C%22infoDescription%22%3A%22%22%2C%22infoImage%22%3A%7B%22name%22%3A%22%22%2C%22url%22%3A%22%22%7D%2C%22infoAddress%22%3A%22%22%2C%22infoSite%22%3A%22holzprof.com%22%2C%22infoPhone%22%3A%22%22%2C%22infoEmail%22%3A%22sales%40holzprof.com%22%2C%22infoWorkingHours%22%3A%22%22%2C%22markerClickAction%22%3A%22infoWindow%22%2C%22infoWindowOpenedByDefault%22%3Afalse%2C%22linkUrl%22%3A%22%22%2C%22animation%22%3A%22drop%22%7D%5D%2C%22categoriesEnabled%22%3Afalse%2C%22categories%22%3A%5B%5D%2C%22lang%22%3A%22en%22%2C%22distanceUnits%22%3A%22mi%22%2C%22mapType%22%3A%22roadmap%22%2C%22center%22%3A%22auto%22%2C%22zoom%22%3A%22auto%22%2C%22controls%22%3A%5B%22zoom%22%2C%22mapType%22%2C%22streetView%22%2C%22rotate%22%2C%22fullScreen%22%2C%22scale%22%5D%2C%22markerClusterEnabled%22%3Afalse%2C%22markerClusterZoom%22%3Atrue%2C%22markerClusterMin%22%3A2%2C%22infoDirections%22%3Afalse%2C%22directionsTarget%22%3A%22inline%22%2C%22scrollwheel%22%3Afalse%2C%22draggable%22%3Atrue%2C%22layers%22%3A%5B%5D%2C%22width%22%3A%22auto%22%2C%22height%22%3A%22450%22%2C%22panelEnabled%22%3Afalse%2C%22panelOpenByDefault%22%3Atrue%2C%22panelSearchVisible%22%3Atrue%2C%22panelSearchBy%22%3A%22markers%22%2C%22panelSearchPlaceholder%22%3A%22%22%2C%22panelListItemElements%22%3A%5B%22title%22%2C%22category%22%2C%22image%22%2C%22address%22%2C%22phone%22%2C%22workingHours%22%5D%2C%22mainColor%22%3A%22rgb%280%2C%20131%2C%2067%29%22%2C%22style%22%3A%22default%22%2C%22colorGeometry%22%3A%22%22%2C%22colorLabelsTextFill%22%3A%22%22%2C%22colorLabelsTextStroke%22%3A%22%22%2C%22colorAdministrativeGeometryStroke%22%3A%22%22%2C%22colorAdministrativeLandParcel%22%3A%22%22%2C%22colorLandscapeNaturalGeometry%22%3A%22%22%2C%22colorPoiGeometry%22%3A%22%22%2C%22colorPoiLabelsTextFill%22%3A%22%22%2C%22colorPoiParkGeometryFill%22%3A%22%22%2C%22colorPoiParkLabelsTextFill%22%3A%22%22%2C%22colorRoadGeometry%22%3A%22%22%2C%22colorRoadArterial%22%3A%22%22%2C%22colorRoadHighway%22%3A%22%22%2C%22colorRoadHighwayGeometryStroke%22%3A%22%22%2C%22colorRoadHighwayControlledAccessGeometry%22%3A%22%22%2C%22colorRoadHighwayControlledAccessGeometryStroke%22%3A%22%22%2C%22colorRoadLocalLabelsTextFill%22%3A%22%22%2C%22colorTransitLineGeometry%22%3A%22%22%2C%22colorTransitLineLabelsTextFill%22%3A%22%22%2C%22colorTransitLineLabelsTextStroke%22%3A%22%22%2C%22colorTransitStationGeometry%22%3A%22%22%2C%22colorWaterGeometryFill%22%3A%22%22%2C%22colorWaterLabelTextFill%22%3A%22%22%2C%22customGoogleMapsStyles%22%3A%22%22%2C%22apiKey%22%3A%22AIzaSyD5AdVJzJ6Cakqn1fy-dZwGl7GQ-nKfNHU%22%7D\" \n                data-elfsight-google-maps-version=\"2.1.0\">\n            <\/div>\n            <\/div>\n<div>HolzProf&#8217;i tooted on esindatud<\/div>\n<ul>\n<li>\n<p>        <img decoding=\"async\" src=\"\/wp-content\/uploads\/fere-Copy.png\" alt=\"FERE\"><\/p>\n<\/li>\n<li>\n<p>        <img decoding=\"async\" src=\"\/wp-content\/uploads\/image001-Copy.png\" alt=\"Puumarket\"><\/p>\n<\/li>\n<li>\n<p>        <img decoding=\"async\" src=\"\/wp-content\/uploads\/e-ehituskeskus.png\" alt=\"E-ehituskeskus\"><\/p>\n<\/li>\n<li>\n<p>        <img decoding=\"async\" src=\"\/wp-content\/uploads\/Bauhaus-Copy.png\" alt=\"Bauhaus\"><\/p>\n<\/li>\n<li>\n<p>        <img decoding=\"async\" src=\"\/wp-content\/uploads\/Decora-Copy.png\" alt=\"Decora\"><\/p>\n<\/li>\n<li>\n<p>        <img decoding=\"async\" src=\"\/wp-content\/uploads\/bauhof.gif\" alt=\"Bauhof\"><\/p>\n<\/li>\n<li>\n<p>        <img decoding=\"async\" src=\"\/wp-content\/uploads\/logo_ehituseabc-Copy.png\" alt=\"Ehituse ABC\"><\/p>\n<\/li>\n<li>\n<p>        <img decoding=\"async\" src=\"\/wp-content\/uploads\/konsum.png\" alt=\"Konsum\"><\/p>\n<\/li>\n<li>\n<p>        <img decoding=\"async\" src=\"\/wp-content\/uploads\/espak.png\" alt=\"Espak\"><\/p>\n<\/li>\n<li>\n<p>        <img decoding=\"async\" src=\"\/wp-content\/uploads\/magaziin.png\" alt=\"Magaziin\"><\/p>\n<\/li>\n<li>\n<p>        <img decoding=\"async\" src=\"\/wp-content\/uploads\/prismamarket.png\" alt=\"Prisma\"><\/p>\n<\/li>\n<li>\n<p>        <img decoding=\"async\" src=\"\/wp-content\/uploads\/k-rauta.png\" alt=\"K-rauta\"><\/p>\n<\/li>\n<li>\n<p>        <img decoding=\"async\" src=\"\/wp-content\/uploads\/voodrilaud.ee-logo.png\" alt=\"\"><\/p>\n<\/li>\n<\/ul>\n<p><!--more--><br \/>\n<!-- {\"type\":\"layout\",\"children\":[{\"name\":\"where to buy\",\"type\":\"section\",\"props\":{\"animation\":\"fade\",\"animation_delay\":\"200\",\"image_position\":\"center-center\",\"padding_remove_bottom\":true,\"style\":\"default\",\"title_breakpoint\":\"xl\",\"title_position\":\"top-left\",\"title_rotation\":\"left\",\"vertical_align\":\"\",\"width\":\"large\"},\"children\":[{\"type\":\"row\",\"children\":[{\"type\":\"column\",\"props\":{\"image_position\":\"center-center\",\"position_sticky_breakpoint\":\"m\",\"width_medium\":\"1-1\"},\"children\":[{\"type\":\"headline\",\"props\":{\"content\":\"Maailma v\\u00f5rgustik\",\"maxwidth\":\"2xlarge\",\"parallax_breakpoint\":\"m\",\"parallax_y\":\"0,-50\",\"title_element\":\"h1\",\"title_style\":\"heading-small\"}}]}]},{\"type\":\"row\",\"children\":[{\"type\":\"column\",\"props\":{\"image_position\":\"center-center\",\"position_sticky_breakpoint\":\"m\",\"width_medium\":\"1-1\"},\"children\":[{\"type\":\"html\",\"props\":{\"content\":\"[elfsight_google_maps id=\\\"1\\\"]\"}}]}]},{\"type\":\"row\",\"props\":{\"margin\":\"xlarge\",\"margin_remove_bottom\":true},\"children\":[{\"type\":\"column\",\"props\":{\"image_position\":\"center-center\",\"position_sticky_breakpoint\":\"m\",\"width_medium\":\"1-1\"},\"children\":[{\"type\":\"headline\",\"props\":{\"content\":\"HolzProf'i tooted on esindatud\",\"text_align\":\"center\",\"title_element\":\"div\",\"title_style\":\"h2\"}}]}]},{\"type\":\"row\",\"props\":{\"margin\":\"large\"},\"children\":[{\"type\":\"column\",\"props\":{\"image_position\":\"center-center\",\"position_sticky_breakpoint\":\"m\",\"width_medium\":\"1-1\"},\"children\":[{\"type\":\"gallery\",\"props\":{\"filter_align\":\"left\",\"filter_all\":true,\"filter_grid_breakpoint\":\"m\",\"filter_grid_width\":\"auto\",\"filter_position\":\"top\",\"filter_style\":\"tab\",\"grid_column_gap\":\"large\",\"grid_default\":\"1\",\"grid_large\":\"4\",\"grid_masonry\":false,\"grid_medium\":\"3\",\"grid_row_gap\":\"large\",\"item_animation\":true,\"lightbox_bg_close\":true,\"link_style\":\"default\",\"link_text\":\"\",\"margin\":\"default\",\"meta_align\":\"below-title\",\"meta_element\":\"div\",\"meta_style\":\"text-meta\",\"overlay_hover\":false,\"overlay_link\":true,\"overlay_mode\":\"cover\",\"overlay_position\":\"center\",\"overlay_style\":\"\",\"overlay_transition\":\"fade\",\"parallax_easing\":\"1\",\"show_content\":true,\"show_hover_image\":true,\"show_hover_video\":true,\"show_link\":true,\"show_meta\":true,\"show_title\":true,\"text_align\":\"center\",\"text_color\":\"light\",\"title_element\":\"h3\",\"title_hover_style\":\"reset\"},\"children\":[{\"type\":\"gallery_item\",\"props\":{\"image\":\"wp-content\\\/uploads\\\/fere-Copy.png\",\"image_alt\":\"FERE\"}},{\"type\":\"gallery_item\",\"props\":{\"image\":\"wp-content\\\/uploads\\\/image001-Copy.png\",\"image_alt\":\"Puumarket\"}},{\"type\":\"gallery_item\",\"props\":{\"image\":\"wp-content\\\/uploads\\\/e-ehituskeskus.png\",\"image_alt\":\"E-ehituskeskus\"}},{\"type\":\"gallery_item\",\"props\":{\"image\":\"wp-content\\\/uploads\\\/Bauhaus-Copy.png\",\"image_alt\":\"Bauhaus\"}},{\"type\":\"gallery_item\",\"props\":{\"image\":\"wp-content\\\/uploads\\\/Decora-Copy.png\",\"image_alt\":\"Decora\"}},{\"type\":\"gallery_item\",\"props\":{\"image\":\"wp-content\\\/uploads\\\/bauhof.gif\",\"image_alt\":\"Bauhof\"}},{\"type\":\"gallery_item\",\"props\":{\"image\":\"wp-content\\\/uploads\\\/logo_ehituseabc-Copy.png\",\"image_alt\":\"Ehituse ABC\"}},{\"type\":\"gallery_item\",\"props\":{\"image\":\"wp-content\\\/uploads\\\/konsum.png\",\"image_alt\":\"Konsum\"}},{\"type\":\"gallery_item\",\"props\":{\"image\":\"wp-content\\\/uploads\\\/espak.png\",\"image_alt\":\"Espak\"}},{\"type\":\"gallery_item\",\"props\":{\"image\":\"wp-content\\\/uploads\\\/magaziin.png\",\"image_alt\":\"Magaziin\"}},{\"type\":\"gallery_item\",\"props\":{\"image\":\"wp-content\\\/uploads\\\/prismamarket.png\",\"image_alt\":\"Prisma\"}},{\"type\":\"gallery_item\",\"props\":{\"image\":\"wp-content\\\/uploads\\\/k-rauta.png\",\"image_alt\":\"K-rauta\"}},{\"type\":\"gallery_item\",\"props\":{\"image\":\"wp-content\\\/uploads\\\/voodrilaud.ee-logo.png\"}}]}]}]}]}],\"version\":\"4.5.1\"} --><\/p>\n","protected":false},"excerpt":{"rendered":"<p>Maailma v\u00f5rgustik HolzProf&#8217;i tooted on esindatud<\/p>\n","protected":false},"author":1,"featured_media":0,"parent":0,"menu_order":4,"comment_status":"closed","ping_status":"closed","template":"","meta":{"footnotes":""},"class_list":["post-816","page","type-page","status-publish","hentry"],"yoast_head":"<!-- This site is optimized with the Yoast SEO plugin v27.3 - https:\/\/yoast.com\/product\/yoast-seo-wordpress\/ -->\n<title>Edasim\u00fc\u00fcjad - Holz Prof O\u00dc<\/title>\n<meta name=\"description\" content=\"Maailma v\u00f5rgustik     HolzProf&#039;i tooted on esindatud\" \/>\n<meta name=\"robots\" content=\"index, follow, max-snippet:-1, max-image-preview:large, max-video-preview:-1\" \/>\n<link rel=\"canonical\" href=\"https:\/\/holzprof.ee\/et\/maailma-v-rgustik\/\" \/>\n<meta property=\"og:locale\" content=\"et_EE\" \/>\n<meta property=\"og:type\" content=\"article\" \/>\n<meta property=\"og:title\" content=\"Edasim\u00fc\u00fcjad - Holz Prof O\u00dc\" \/>\n<meta property=\"og:description\" content=\"Maailma v\u00f5rgustik     HolzProf&#039;i tooted on esindatud\" \/>\n<meta property=\"og:url\" content=\"https:\/\/holzprof.ee\/et\/maailma-v-rgustik\/\" \/>\n<meta property=\"og:site_name\" content=\"Holz Prof O\u00dc\" \/>\n<meta property=\"article:publisher\" content=\"http:\/\/www.facebook.com\/holzprof.ee\" \/>\n<meta property=\"article:modified_time\" content=\"2025-04-01T08:09:48+00:00\" \/>\n<script type=\"application\/ld+json\" class=\"yoast-schema-graph\">{\"@context\":\"https:\\\/\\\/schema.org\",\"@graph\":[{\"@type\":\"WebPage\",\"@id\":\"https:\\\/\\\/holzprof.ee\\\/et\\\/maailma-v-rgustik\\\/\",\"url\":\"https:\\\/\\\/holzprof.ee\\\/et\\\/maailma-v-rgustik\\\/\",\"name\":\"Edasim\u00fc\u00fcjad - Holz Prof O\u00dc\",\"isPartOf\":{\"@id\":\"https:\\\/\\\/holzprof.ee\\\/et\\\/#website\"},\"datePublished\":\"2019-05-28T09:47:23+00:00\",\"dateModified\":\"2025-04-01T08:09:48+00:00\",\"description\":\"Maailma v\u00f5rgustik HolzProf'i tooted on esindatud\",\"breadcrumb\":{\"@id\":\"https:\\\/\\\/holzprof.ee\\\/et\\\/maailma-v-rgustik\\\/#breadcrumb\"},\"inLanguage\":\"et\",\"potentialAction\":[{\"@type\":\"ReadAction\",\"target\":[\"https:\\\/\\\/holzprof.ee\\\/et\\\/maailma-v-rgustik\\\/\"]}]},{\"@type\":\"BreadcrumbList\",\"@id\":\"https:\\\/\\\/holzprof.ee\\\/et\\\/maailma-v-rgustik\\\/#breadcrumb\",\"itemListElement\":[{\"@type\":\"ListItem\",\"position\":1,\"name\":\"Home\",\"item\":\"https:\\\/\\\/holzprof.ee\\\/et\\\/\"},{\"@type\":\"ListItem\",\"position\":2,\"name\":\"Edasim\u00fc\u00fcjad\"}]},{\"@type\":\"WebSite\",\"@id\":\"https:\\\/\\\/holzprof.ee\\\/et\\\/#website\",\"url\":\"https:\\\/\\\/holzprof.ee\\\/et\\\/\",\"name\":\"Holz Prof O\u00dc\",\"description\":\"\",\"publisher\":{\"@id\":\"https:\\\/\\\/holzprof.ee\\\/et\\\/#organization\"},\"potentialAction\":[{\"@type\":\"SearchAction\",\"target\":{\"@type\":\"EntryPoint\",\"urlTemplate\":\"https:\\\/\\\/holzprof.ee\\\/et\\\/?s={search_term_string}\"},\"query-input\":{\"@type\":\"PropertyValueSpecification\",\"valueRequired\":true,\"valueName\":\"search_term_string\"}}],\"inLanguage\":\"et\"},{\"@type\":\"Organization\",\"@id\":\"https:\\\/\\\/holzprof.ee\\\/et\\\/#organization\",\"name\":\"Holz Prof O\u00dc\",\"url\":\"https:\\\/\\\/holzprof.ee\\\/et\\\/\",\"logo\":{\"@type\":\"ImageObject\",\"inLanguage\":\"et\",\"@id\":\"https:\\\/\\\/holzprof.ee\\\/et\\\/#\\\/schema\\\/logo\\\/image\\\/\",\"url\":\"https:\\\/\\\/holzprof.ee\\\/wp-content\\\/uploads\\\/holzprof.svg\",\"contentUrl\":\"https:\\\/\\\/holzprof.ee\\\/wp-content\\\/uploads\\\/holzprof.svg\",\"width\":1,\"height\":1,\"caption\":\"Holz Prof O\u00dc\"},\"image\":{\"@id\":\"https:\\\/\\\/holzprof.ee\\\/et\\\/#\\\/schema\\\/logo\\\/image\\\/\"},\"sameAs\":[\"http:\\\/\\\/www.facebook.com\\\/holzprof.ee\",\"https:\\\/\\\/x.com\\\/Holzprof\",\"http:\\\/\\\/www.instagram.com\\\/holzprof.ee\\\/\",\"http:\\\/\\\/www.pinterest.com\\\/holzprof\\\/\",\"http:\\\/\\\/www.youtube.com\\\/channel\\\/UC_ZF2B6Qho67io31S7-P_9w\"]}]}<\/script>\n<!-- \/ Yoast SEO plugin. -->","yoast_head_json":{"title":"Edasim\u00fc\u00fcjad - Holz Prof O\u00dc","description":"Maailma v\u00f5rgustik     HolzProf'i tooted on esindatud","robots":{"index":"index","follow":"follow","max-snippet":"max-snippet:-1","max-image-preview":"max-image-preview:large","max-video-preview":"max-video-preview:-1"},"canonical":"https:\/\/holzprof.ee\/et\/maailma-v-rgustik\/","og_locale":"et_EE","og_type":"article","og_title":"Edasim\u00fc\u00fcjad - Holz Prof O\u00dc","og_description":"Maailma v\u00f5rgustik     HolzProf'i tooted on esindatud","og_url":"https:\/\/holzprof.ee\/et\/maailma-v-rgustik\/","og_site_name":"Holz Prof O\u00dc","article_publisher":"http:\/\/www.facebook.com\/holzprof.ee","article_modified_time":"2025-04-01T08:09:48+00:00","schema":{"@context":"https:\/\/schema.org","@graph":[{"@type":"WebPage","@id":"https:\/\/holzprof.ee\/et\/maailma-v-rgustik\/","url":"https:\/\/holzprof.ee\/et\/maailma-v-rgustik\/","name":"Edasim\u00fc\u00fcjad - Holz Prof O\u00dc","isPartOf":{"@id":"https:\/\/holzprof.ee\/et\/#website"},"datePublished":"2019-05-28T09:47:23+00:00","dateModified":"2025-04-01T08:09:48+00:00","description":"Maailma v\u00f5rgustik HolzProf'i tooted on esindatud","breadcrumb":{"@id":"https:\/\/holzprof.ee\/et\/maailma-v-rgustik\/#breadcrumb"},"inLanguage":"et","potentialAction":[{"@type":"ReadAction","target":["https:\/\/holzprof.ee\/et\/maailma-v-rgustik\/"]}]},{"@type":"BreadcrumbList","@id":"https:\/\/holzprof.ee\/et\/maailma-v-rgustik\/#breadcrumb","itemListElement":[{"@type":"ListItem","position":1,"name":"Home","item":"https:\/\/holzprof.ee\/et\/"},{"@type":"ListItem","position":2,"name":"Edasim\u00fc\u00fcjad"}]},{"@type":"WebSite","@id":"https:\/\/holzprof.ee\/et\/#website","url":"https:\/\/holzprof.ee\/et\/","name":"Holz Prof O\u00dc","description":"","publisher":{"@id":"https:\/\/holzprof.ee\/et\/#organization"},"potentialAction":[{"@type":"SearchAction","target":{"@type":"EntryPoint","urlTemplate":"https:\/\/holzprof.ee\/et\/?s={search_term_string}"},"query-input":{"@type":"PropertyValueSpecification","valueRequired":true,"valueName":"search_term_string"}}],"inLanguage":"et"},{"@type":"Organization","@id":"https:\/\/holzprof.ee\/et\/#organization","name":"Holz Prof O\u00dc","url":"https:\/\/holzprof.ee\/et\/","logo":{"@type":"ImageObject","inLanguage":"et","@id":"https:\/\/holzprof.ee\/et\/#\/schema\/logo\/image\/","url":"https:\/\/holzprof.ee\/wp-content\/uploads\/holzprof.svg","contentUrl":"https:\/\/holzprof.ee\/wp-content\/uploads\/holzprof.svg","width":1,"height":1,"caption":"Holz Prof O\u00dc"},"image":{"@id":"https:\/\/holzprof.ee\/et\/#\/schema\/logo\/image\/"},"sameAs":["http:\/\/www.facebook.com\/holzprof.ee","https:\/\/x.com\/Holzprof","http:\/\/www.instagram.com\/holzprof.ee\/","http:\/\/www.pinterest.com\/holzprof\/","http:\/\/www.youtube.com\/channel\/UC_ZF2B6Qho67io31S7-P_9w"]}]}},"_links":{"self":[{"href":"https:\/\/holzprof.ee\/et\/wp-json\/wp\/v2\/pages\/816","targetHints":{"allow":["GET"]}}],"collection":[{"href":"https:\/\/holzprof.ee\/et\/wp-json\/wp\/v2\/pages"}],"about":[{"href":"https:\/\/holzprof.ee\/et\/wp-json\/wp\/v2\/types\/page"}],"author":[{"embeddable":true,"href":"https:\/\/holzprof.ee\/et\/wp-json\/wp\/v2\/users\/1"}],"replies":[{"embeddable":true,"href":"https:\/\/holzprof.ee\/et\/wp-json\/wp\/v2\/comments?post=816"}],"version-history":[{"count":5,"href":"https:\/\/holzprof.ee\/et\/wp-json\/wp\/v2\/pages\/816\/revisions"}],"predecessor-version":[{"id":2436,"href":"https:\/\/holzprof.ee\/et\/wp-json\/wp\/v2\/pages\/816\/revisions\/2436"}],"wp:attachment":[{"href":"https:\/\/holzprof.ee\/et\/wp-json\/wp\/v2\/media?parent=816"}],"curies":[{"name":"wp","href":"https:\/\/api.w.org\/{rel}","templated":true}]}}