{"id":826,"date":"2019-05-28T09:53:45","date_gmt":"2019-05-28T09:53:45","guid":{"rendered":"https:\/\/holzprof.ee\/?page_id=826"},"modified":"2025-03-10T12:02:47","modified_gmt":"2025-03-10T12:02:47","slug":"firmast","status":"publish","type":"page","link":"https:\/\/holzprof.ee\/et\/firmast\/","title":{"rendered":"Firmast"},"content":{"rendered":"<h1>KES ME OLEME?<\/h1>\n<div>\n<p>HOLZ Prof O\u00dc on tegelenud enam kui 20 aastat teadusuuringutega, mis keskenduvad innovaatilistele puit- ja muudele t\u00f6\u00f6stuslikele toodetele ja nende arendamisele. Holz Prof O\u00dc valmistab oma tooteid kasutades unikaalset tehnoloogiat ning turustab nii tootmis- kui ka erasektoris.<\/p>\n<p>Alates firma asutamisest oleme arendustegevuses saavutanud olulisi tulemusi. Meie tooted on k\u00f5rge kvaliteediga ja vastavad Euroopa m\u00e4\u00e4rustele ja seadustele.<\/p>\n<\/div>\n<h1>Meie p\u00f5hisuunad on<\/h1>\n<h2>Tulet\u00f5kkepuidu kaitse<\/h2>\n<div>Oleme spetsialiseerunud puidu tulevastasele kaitsele (euroklass B-s1, d0). Tooted on sertifitseeritud ja testitud laborites ja praktikas. Pakume lahendusi, mis ei leostu, puidu struktuuriga keemiliselt \u00fchendavad ja muudavad puidu tugevamaks ja tulekindlaks materjaliks.<\/div>\n<h2>Puidu kaitse<\/h2>\n<div>Valmistame tooteid puidule, mis sobivad kasutamiseks nii ruumisisestes tingimustes kui ka v\u00e4ljas. Tooted kaitsevad, viimistlevad ja tugevdavad puidu looduslikku tekstuuri. Hoiame \u00e4ra ja peatame puidu biolagunemise, samuti pakume dekoratiivset viimistlust ja puidu renoveerimist.<\/div>\n<h2>Metalli kaitse<\/h2>\n<div>Meie metallikaitse suund pakub v\u00f5imsat korrosioonikaitset, peatab juba alustatud metalli riknemise leviku ja hoiab \u00e4ra uue rooste tekkimise. Seet\u00f5ttu, vahend teisendab rooste ja suurendab metalli vastupidavust ja kasutusiga.<\/div>\n<h2>Puhastamine ja desinfitseerimine<\/h2>\n<div>Meie tooteid puhastamiseks ja desinfitseerimiseks on lihtne kasutada, keskkonda, inimesi ja loomi austav. Me ei kasuta lenduvaid orgaanilisi \u00fchendeid, kloori ja alkoholi. Me desinfitseerime pinda hoolikalt, ei kahjusta, vaid s\u00e4ilitame selle tekstuuri.<\/div>\n<div>\n<p>    <!--\n\n<p align=\"center\"><a href=\"\/wp-content\/uploads\/researches-holz-prof-ou-eng-2003-2020.doc\" target=\"_blank\"><img decoding=\"async\" src=\"\/wp-content\/uploads\/doc.svg\" alt=\"Holz Prof uuringud 2003-2020\" width=\"60\" \/><br \/>Holz Prof uuringud 2003-2020<\/a>\n\n-->\n<\/div>\n<div>\n<p>Holz Prof O\u00dc viib aktiivselt l\u00e4bi teadusuuringuid ning osaleb tunnustatud instituutideja laborite projektides. Oleme edukalt l\u00e4binud enam kui 60 ametlikku testi (SP Technical Research Institute Rootsist, MeKA\u2013Forest and Wood Product Research and Development Institute L\u00e4tist jt).<\/p>\n<p>Holz Prof O\u00dc tootmine ja arendustegevus vastavad kvaliteedijuhtimiss\u00fcsteemi ISO 9001:2015 (QualityManagement System Standard) sertifikatsioonile, mille kinnituseks on Exova BM TRADA (L\u00e4ti) poolt v\u00e4lja antud sertifikaat nr. 11297. Tehase tootmisohje (FPC) sertifitseerimise kohta on v\u00e4ljastatud Exova BM TRADA (L\u00e4ti) poolt vastavussertifikaat nr. TT-PRS-0111.<\/p>\n<p>Seadusandlus ja kliendid n\u00f5uavad keskkonnas\u00f5bralikke tooteid. Pingutame, et pakkuda neile \u00f6koloogiliselt ohutuid vahendeid, mille loomisel ei teki ohtlikke j\u00e4\u00e4tmeid. Holz Prof O\u00dc edu aluseks on ettev\u00f5tte stabiilsuses, efektiivsuses ja ohutuses saavutatud tasakaal.<\/p>\n<\/div>\n<h3>Meie kvaliteedipoliitika<\/h3>\n<div>\n<ul>\n<li>T\u00f6\u00f6tame keskkonnas\u00f5bralikult, ressursis\u00e4\u00e4stlikult ja v\u00e4ldime keskkonnareostust.<\/li>\n<li>Hoolitseme selle eest, et k\u00f5ik meie t\u00f6\u00f6tajad oleksid kvaliteedi- ja keskkonnateadlikud ning vastutaksid oma t\u00f6\u00f6tulemuste ja ettev\u00f5tte hea nime eest.<\/li>\n<li>Keskendume oma kvaliteedialaste tegevuste j\u00e4rjepidevale arendamisele.<\/li>\n<li>Tagame kvaliteedijuhtimiss\u00fcsteemi vastavuse rahvusvahelistele standarditele.<\/li>\n<li>T\u00e4iustame j\u00e4rjepidevalt koost\u00f6\u00f6d tarnijatega.<\/li>\n<li>Korraldame toodete testimist ja sertifitseerimist vastavalt erinevate turgude n\u00f5uetele.<\/li>\n<li>Soovime, et rahul on nii klient kui l\u00f5pptarbija.<\/li>\n<\/ul>\n<\/div>\n<p><!--more--><br \/>\n<!-- {\"type\":\"layout\",\"children\":[{\"name\":\"Hero\",\"type\":\"section\",\"props\":{\"animation\":\"slide-bottom-medium\",\"animation_delay\":\"200\",\"image_position\":\"center-center\",\"padding\":\"large\",\"padding_remove_bottom\":false,\"padding_remove_top\":false,\"style\":\"default\",\"title_breakpoint\":\"xl\",\"title_position\":\"top-left\",\"title_rotation\":\"left\",\"vertical_align\":\"\",\"width\":\"large\"},\"children\":[{\"type\":\"row\",\"props\":{\"layout\":\"1-3,2-3\",\"margin_remove_top\":false},\"children\":[{\"type\":\"column\",\"props\":{\"image_position\":\"center-center\",\"position_sticky_breakpoint\":\"m\",\"width_medium\":\"1-3\"},\"children\":[{\"type\":\"headline\",\"props\":{\"content\":\"KES ME OLEME?\",\"maxwidth\":\"2xlarge\",\"maxwidth_breakpoint\":\"m\",\"parallax_breakpoint\":\"m\",\"parallax_y\":\"0,-75\",\"text_align\":\"left\",\"text_align_breakpoint\":\"m\",\"text_align_fallback\":\"center\",\"title_element\":\"h1\",\"title_style\":\"heading-medium\"}}]},{\"type\":\"column\",\"props\":{\"image_position\":\"center-center\",\"position_sticky_breakpoint\":\"m\",\"vertical_align\":\"middle\",\"width_medium\":\"2-3\"},\"children\":[{\"type\":\"text\",\"props\":{\"column_breakpoint\":\"m\",\"content\":\"\n\n<p>HOLZ Prof O\\u00dc on tegelenud enam kui 20 aastat teadusuuringutega, mis keskenduvad innovaatilistele puit- ja muudele t\\u00f6\\u00f6stuslikele toodetele ja nende arendamisele. Holz Prof O\\u00dc valmistab oma tooteid kasutades unikaalset tehnoloogiat ning turustab nii tootmis- kui ka erasektoris.<\\\/p>\\n\n\n<p>Alates firma asutamisest oleme arendustegevuses saavutanud olulisi tulemusi. Meie tooted on k\\u00f5rge kvaliteediga ja vastavad Euroopa m\\u00e4\\u00e4rustele ja seadustele.<\\\/p>\",\"margin\":\"default\",\"text_align\":\"justify\"}}]}]}]},{\"name\":\"who are we\",\"type\":\"section\",\"props\":{\"animation\":\"fade\",\"animation_delay\":false,\"height\":\"viewport\",\"height_offset_top\":true,\"image\":\"wp-content\\\/uploads\\\/about-us-1.jpg\",\"image_effect\":\"parallax\",\"image_parallax_bgy\":\"-600,600\",\"image_parallax_easing\":\"1\",\"image_position\":\"top-center\",\"image_size\":\"cover\",\"image_width\":\"2000\",\"padding\":\"large\",\"padding_remove_bottom\":false,\"style\":\"default\",\"title_breakpoint\":\"xl\",\"title_position\":\"top-left\",\"title_rotation\":\"left\",\"vertical_align\":\"middle\",\"width\":\"\"},\"children\":[{\"type\":\"row\",\"props\":{\"width\":\"xlarge\"},\"children\":[{\"type\":\"column\",\"props\":{\"image_position\":\"center-center\",\"position_sticky_breakpoint\":\"m\",\"width_medium\":\"1-1\"},\"children\":[{\"type\":\"headline\",\"props\":{\"animation\":\"parallax\",\"block_align\":\"center\",\"content\":\"Meie p\\u00f5hisuunad on\",\"css\":\"@media (min-width: 1200px)  {\\n    .el-element {\\n        font-size: 150px;\\n    }\\n}\\n.el-element {\\n        color:#FFF;\\n    }\",\"parallax_breakpoint\":\"m\",\"parallax_easing\":\"1\",\"parallax_end\":\"70vh + 70%\",\"parallax_opacity\":\"0.3,1\",\"parallax_y\":\"15,0\",\"text_align\":\"center\",\"text_align_breakpoint\":\"m\",\"text_align_fallback\":\"left\",\"title_element\":\"h1\",\"title_style\":\"heading-xlarge\"}}]}]},{\"type\":\"row\",\"props\":{\"column_gap\":\"small\",\"layout\":\"1-4,3-4\",\"margin\":\"xlarge\",\"row_gap\":\"small\",\"width\":\"expand\"},\"children\":[{\"type\":\"column\",\"props\":{\"image_position\":\"center-center\",\"position_sticky_breakpoint\":\"m\",\"width_medium\":\"1-4\"}},{\"type\":\"column\",\"props\":{\"image_position\":\"center-center\",\"position_sticky_breakpoint\":\"m\",\"text_color\":\"light\",\"width_medium\":\"3-4\"},\"children\":[{\"type\":\"headline\",\"props\":{\"animation\":\"parallax\",\"content\":\"Tulet\\u00f5kkepuidu kaitse\",\"margin\":\"default\",\"margin_remove_bottom\":true,\"margin_remove_top\":true,\"maxwidth\":\"xlarge\",\"parallax_breakpoint\":\"m\",\"parallax_easing\":\"1\",\"parallax_end\":\"60vh + 60%\",\"parallax_opacity\":\"0.3,1\",\"parallax_y\":\"30,0\",\"parallax_zindex\":false,\"title_color\":\"success\",\"title_element\":\"h2\",\"title_style\":\"heading-medium\"}},{\"type\":\"text\",\"props\":{\"animation\":\"parallax\",\"column_breakpoint\":\"m\",\"content\":\"Oleme spetsialiseerunud puidu tulevastasele kaitsele (euroklass B-s1, d0). Tooted on sertifitseeritud ja testitud laborites ja praktikas. Pakume lahendusi, mis ei leostu, puidu struktuuriga keemiliselt \\u00fchendavad ja muudavad puidu tugevamaks ja tulekindlaks materjaliks.\",\"dropcap\":false,\"margin\":\"default\",\"maxwidth\":\"2xlarge\",\"parallax_easing\":\"1\",\"parallax_end\":\"60vh + 60%\",\"parallax_opacity\":\"0.3,1\",\"text_style\":\"large\"}}]}]},{\"type\":\"row\",\"props\":{\"column_gap\":\"small\",\"layout\":\"1-2,1-2\",\"margin\":\"xlarge\",\"row_gap\":\"small\",\"width\":\"expand\"},\"children\":[{\"type\":\"column\",\"props\":{\"image_position\":\"center-center\",\"position_sticky_breakpoint\":\"m\",\"width_medium\":\"1-2\"}},{\"type\":\"column\",\"props\":{\"image_position\":\"center-center\",\"position_sticky_breakpoint\":\"m\",\"text_color\":\"light\",\"width_medium\":\"1-2\"},\"children\":[{\"type\":\"headline\",\"props\":{\"animation\":\"parallax\",\"content\":\"Puidu kaitse\",\"maxwidth\":\"xlarge\",\"maxwidth_breakpoint\":\"l\",\"parallax_breakpoint\":\"m\",\"parallax_easing\":\"1\",\"parallax_end\":\"60vh + 60%\",\"parallax_opacity\":\"0.3,1\",\"parallax_y\":\"30,0\",\"text_align\":\"left\",\"title_color\":\"success\",\"title_element\":\"h2\",\"title_style\":\"heading-medium\"}},{\"type\":\"text\",\"props\":{\"animation\":\"parallax\",\"column_breakpoint\":\"m\",\"content\":\"Valmistame tooteid puidule, mis sobivad kasutamiseks nii ruumisisestes tingimustes kui ka v\\u00e4ljas. Tooted kaitsevad, viimistlevad ja tugevdavad puidu looduslikku tekstuuri. Hoiame \\u00e4ra ja peatame puidu biolagunemise, samuti pakume dekoratiivset viimistlust ja puidu renoveerimist.\",\"dropcap\":false,\"margin\":\"default\",\"maxwidth\":\"2xlarge\",\"parallax_easing\":\"1\",\"parallax_end\":\"60vh + 60%\",\"parallax_opacity\":\"0.3,1\",\"text_style\":\"large\"}}]}]},{\"type\":\"row\",\"props\":{\"column_gap\":\"small\",\"layout\":\"1-4,3-4\",\"margin\":\"xlarge\",\"row_gap\":\"small\",\"width\":\"expand\"},\"children\":[{\"type\":\"column\",\"props\":{\"image_position\":\"center-center\",\"position_sticky_breakpoint\":\"m\",\"width_medium\":\"1-4\"}},{\"type\":\"column\",\"props\":{\"image_position\":\"center-center\",\"position_sticky_breakpoint\":\"m\",\"text_color\":\"light\",\"width_medium\":\"3-4\"},\"children\":[{\"type\":\"headline\",\"props\":{\"animation\":\"parallax\",\"content\":\"Metalli kaitse\",\"maxwidth\":\"xlarge\",\"parallax_breakpoint\":\"m\",\"parallax_easing\":\"1\",\"parallax_end\":\"60vh + 60%\",\"parallax_opacity\":\"0.3,1\",\"parallax_y\":\"30,0\",\"parallax_zindex\":false,\"title_color\":\"success\",\"title_element\":\"h2\",\"title_style\":\"heading-medium\"}},{\"type\":\"text\",\"props\":{\"animation\":\"parallax\",\"column_breakpoint\":\"m\",\"content\":\"Meie metallikaitse suund pakub v\\u00f5imsat korrosioonikaitset, peatab juba alustatud metalli riknemise leviku ja hoiab \\u00e4ra uue rooste tekkimise. Seet\\u00f5ttu, vahend teisendab rooste ja suurendab metalli vastupidavust ja kasutusiga.\",\"dropcap\":false,\"margin\":\"default\",\"maxwidth\":\"2xlarge\",\"parallax_easing\":\"1\",\"parallax_end\":\"60vh + 60%\",\"parallax_opacity\":\"0.3,1\",\"text_style\":\"large\"}}]}]},{\"type\":\"row\",\"props\":{\"column_gap\":\"small\",\"layout\":\"1-2,1-2\",\"margin\":\"xlarge\",\"row_gap\":\"small\",\"width\":\"expand\"},\"children\":[{\"type\":\"column\",\"props\":{\"image_position\":\"center-center\",\"position_sticky_breakpoint\":\"m\",\"width_medium\":\"1-2\"}},{\"type\":\"column\",\"props\":{\"image_position\":\"center-center\",\"position_sticky_breakpoint\":\"m\",\"text_color\":\"light\",\"width_medium\":\"1-2\"},\"children\":[{\"type\":\"headline\",\"props\":{\"animation\":\"parallax\",\"content\":\"Puhastamine ja desinfitseerimine\",\"maxwidth\":\"xlarge\",\"maxwidth_breakpoint\":\"l\",\"parallax_breakpoint\":\"m\",\"parallax_easing\":\"1\",\"parallax_end\":\"60vh + 60%\",\"parallax_opacity\":\"0.3,1\",\"parallax_y\":\"30,0\",\"text_align\":\"left\",\"title_color\":\"success\",\"title_element\":\"h2\",\"title_style\":\"heading-medium\"}},{\"type\":\"text\",\"props\":{\"animation\":\"parallax\",\"column_breakpoint\":\"m\",\"content\":\"Meie tooteid puhastamiseks ja desinfitseerimiseks on lihtne kasutada, keskkonda, inimesi ja loomi austav. Me ei kasuta lenduvaid orgaanilisi \\u00fchendeid, kloori ja alkoholi. Me desinfitseerime pinda hoolikalt, ei kahjusta, vaid s\\u00e4ilitame selle tekstuuri.\",\"dropcap\":false,\"margin\":\"default\",\"maxwidth\":\"2xlarge\",\"parallax_easing\":\"1\",\"parallax_end\":\"60vh + 60%\",\"parallax_opacity\":\"0.3,1\",\"text_style\":\"large\"}}]}]}]},{\"type\":\"section\",\"props\":{\"animation\":\"slide-bottom-medium\",\"animation_delay\":\"200\",\"image_position\":\"center-center\",\"padding_remove_bottom\":true,\"style\":\"default\",\"title_breakpoint\":\"xl\",\"title_position\":\"top-left\",\"title_rotation\":\"left\",\"vertical_align\":\"\",\"width\":\"large\"},\"children\":[{\"type\":\"row\",\"props\":{\"column_gap\":\"large\",\"row_gap\":\"large\"},\"children\":[{\"type\":\"column\",\"props\":{\"image_position\":\"center-center\",\"position_sticky_breakpoint\":\"m\",\"width_medium\":\"1-1\"},\"children\":[{\"type\":\"html\",\"props\":{\"content\":\"<!--\n\n<p align=\\\"center\\\"><a href=\\\"\\\/wp-content\\\/uploads\\\/researches-holz-prof-ou-eng-2003-2020.doc\\\" target=\\\"_blank\\\"><img src=\\\"\\\/wp-content\\\/uploads\\\/doc.svg\\\" alt=\\\"Holz Prof uuringud 2003-2020\\\" width=\\\"60\\\" \\\/><br \/>Holz Prof uuringud 2003-2020<\\\/a>\n\n-->&#8220;}},{&#8220;type&#8221;:&#8221;text&#8221;,&#8221;props&#8221;:{&#8220;column_breakpoint&#8221;:&#8221;m&#8221;,&#8221;content&#8221;:&#8221;<\/p>\n<p>Holz Prof O\\u00dc viib aktiivselt l\\u00e4bi teadusuuringuid ning osaleb tunnustatud instituutideja laborite projektides. Oleme edukalt l\\u00e4binud enam kui 60 ametlikku testi (SP Technical Research Institute Rootsist, MeKA\\u2013Forest and Wood Product Research and Development Institute L\\u00e4tist jt).<\\\/p>\\n<\/p>\n<p>Holz Prof O\\u00dc tootmine ja arendustegevus vastavad kvaliteedijuhtimiss\\u00fcsteemi ISO 9001:2015 (QualityManagement System Standard) sertifikatsioonile, mille kinnituseks on Exova BM TRADA (L\\u00e4ti) poolt v\\u00e4lja antud sertifikaat nr. 11297. Tehase tootmisohje (FPC) sertifitseerimise kohta on v\\u00e4ljastatud Exova BM TRADA (L\\u00e4ti) poolt vastavussertifikaat nr. TT-PRS-0111.<\\\/p>\\n<\/p>\n<p>Seadusandlus ja kliendid n\\u00f5uavad keskkonnas\\u00f5bralikke tooteid. Pingutame, et pakkuda neile \\u00f6koloogiliselt ohutuid vahendeid, mille loomisel ei teki ohtlikke j\\u00e4\\u00e4tmeid. Holz Prof O\\u00dc edu aluseks on ettev\\u00f5tte stabiilsuses, efektiivsuses ja ohutuses saavutatud tasakaal.<\\\/p>&#8220;,&#8221;margin&#8221;:&#8221;default&#8221;,&#8221;text_align&#8221;:&#8221;justify&#8221;}},{&#8220;type&#8221;:&#8221;headline&#8221;,&#8221;props&#8221;:{&#8220;content&#8221;:&#8221;Meie kvaliteedipoliitika&#8221;,&#8221;title_element&#8221;:&#8221;h3&#8243;,&#8221;title_style&#8221;:&#8221;heading-small&#8221;}},{&#8220;type&#8221;:&#8221;text&#8221;,&#8221;props&#8221;:{&#8220;column_breakpoint&#8221;:&#8221;m&#8221;,&#8221;content&#8221;:&#8221;<\/p>\n<ul>\\n<\/p>\n<li>T\\u00f6\\u00f6tame keskkonnas\\u00f5bralikult, ressursis\\u00e4\\u00e4stlikult ja v\\u00e4ldime keskkonnareostust.<\\\/li>\\n\n<li>Hoolitseme selle eest, et k\\u00f5ik meie t\\u00f6\\u00f6tajad oleksid kvaliteedi- ja keskkonnateadlikud ning vastutaksid oma t\\u00f6\\u00f6tulemuste ja ettev\\u00f5tte hea nime eest.<\\\/li>\\n\n<li>Keskendume oma kvaliteedialaste tegevuste j\\u00e4rjepidevale arendamisele.<\\\/li>\\n\n<li>Tagame kvaliteedijuhtimiss\\u00fcsteemi vastavuse rahvusvahelistele standarditele.<\\\/li>\\n\n<li>T\\u00e4iustame j\\u00e4rjepidevalt koost\\u00f6\\u00f6d tarnijatega.<\\\/li>\\n\n<li>Korraldame toodete testimist ja sertifitseerimist vastavalt erinevate turgude n\\u00f5uetele.<\\\/li>\\n\n<li>Soovime, et rahul on nii klient kui l\\u00f5pptarbija.<\\\/li>\\n<\\\/ul>&#8220;,&#8221;margin&#8221;:&#8221;default&#8221;,&#8221;text_align&#8221;:&#8221;justify&#8221;}}]}]}],&#8221;name&#8221;:&#8221;About&#8221;}],&#8221;version&#8221;:&#8221;4.5.1&#8243;} &#8211;><br \/>\n","protected":false},"excerpt":{"rendered":"<p>KES ME OLEME? HOLZ Prof O\u00dc on tegelenud enam kui 20 aastat teadusuuringutega, mis keskenduvad innovaatilistele puit- ja muudele t\u00f6\u00f6stuslikele toodetele ja nende arendamisele. Holz Prof O\u00dc valmistab oma tooteid kasutades unikaalset tehnoloogiat ning turustab nii tootmis- kui ka erasektoris. Alates firma asutamisest oleme arendustegevuses saavutanud olulisi tulemusi. Meie tooted on k\u00f5rge kvaliteediga ja vastavad [&hellip;]<\/p>\n","protected":false},"author":1,"featured_media":0,"parent":0,"menu_order":7,"comment_status":"closed","ping_status":"closed","template":"","meta":{"footnotes":""},"class_list":["post-826","page","type-page","status-publish","hentry"],"yoast_head":"<!-- This site is optimized with the Yoast SEO plugin v27.3 - https:\/\/yoast.com\/product\/yoast-seo-wordpress\/ -->\n<title>Firmast - Meie p\u00f5hisuunad on - Holz Prof O\u00dc<\/title>\n<meta name=\"description\" content=\"KES ME OLEME? HOLZ Prof O\u00dc on tegelenud enam kui 20 aastat teadusuuringutega, mis keskenduvad innovaatilistele puit- ja muudele t\u00f6\u00f6stuslikele toodetele ja\" \/>\n<meta name=\"robots\" content=\"index, follow, max-snippet:-1, max-image-preview:large, max-video-preview:-1\" \/>\n<link rel=\"canonical\" href=\"https:\/\/holzprof.ee\/et\/firmast\/\" \/>\n<meta property=\"og:locale\" content=\"et_EE\" \/>\n<meta property=\"og:type\" content=\"article\" \/>\n<meta property=\"og:title\" content=\"Firmast - Meie p\u00f5hisuunad on - Holz Prof O\u00dc\" \/>\n<meta property=\"og:description\" content=\"KES ME OLEME? HOLZ Prof O\u00dc on tegelenud enam kui 20 aastat teadusuuringutega, mis keskenduvad innovaatilistele puit- ja muudele t\u00f6\u00f6stuslikele toodetele ja\" \/>\n<meta property=\"og:url\" content=\"https:\/\/holzprof.ee\/et\/firmast\/\" \/>\n<meta property=\"og:site_name\" content=\"Holz Prof O\u00dc\" \/>\n<meta property=\"article:publisher\" content=\"http:\/\/www.facebook.com\/holzprof.ee\" \/>\n<meta property=\"article:modified_time\" content=\"2025-03-10T12:02:47+00:00\" \/>\n<meta name=\"twitter:label1\" content=\"Est. reading time\" \/>\n\t<meta name=\"twitter:data1\" content=\"4 minutit\" \/>\n<script type=\"application\/ld+json\" class=\"yoast-schema-graph\">{\"@context\":\"https:\\\/\\\/schema.org\",\"@graph\":[{\"@type\":\"WebPage\",\"@id\":\"https:\\\/\\\/holzprof.ee\\\/et\\\/firmast\\\/\",\"url\":\"https:\\\/\\\/holzprof.ee\\\/et\\\/firmast\\\/\",\"name\":\"Firmast - Meie p\u00f5hisuunad on - Holz Prof O\u00dc\",\"isPartOf\":{\"@id\":\"https:\\\/\\\/holzprof.ee\\\/et\\\/#website\"},\"datePublished\":\"2019-05-28T09:53:45+00:00\",\"dateModified\":\"2025-03-10T12:02:47+00:00\",\"description\":\"KES ME OLEME? HOLZ Prof O\u00dc on tegelenud enam kui 20 aastat teadusuuringutega, mis keskenduvad innovaatilistele puit- ja muudele t\u00f6\u00f6stuslikele toodetele ja\",\"breadcrumb\":{\"@id\":\"https:\\\/\\\/holzprof.ee\\\/et\\\/firmast\\\/#breadcrumb\"},\"inLanguage\":\"et\",\"potentialAction\":[{\"@type\":\"ReadAction\",\"target\":[\"https:\\\/\\\/holzprof.ee\\\/et\\\/firmast\\\/\"]}]},{\"@type\":\"BreadcrumbList\",\"@id\":\"https:\\\/\\\/holzprof.ee\\\/et\\\/firmast\\\/#breadcrumb\",\"itemListElement\":[{\"@type\":\"ListItem\",\"position\":1,\"name\":\"Home\",\"item\":\"https:\\\/\\\/holzprof.ee\\\/et\\\/\"},{\"@type\":\"ListItem\",\"position\":2,\"name\":\"Firmast\"}]},{\"@type\":\"WebSite\",\"@id\":\"https:\\\/\\\/holzprof.ee\\\/et\\\/#website\",\"url\":\"https:\\\/\\\/holzprof.ee\\\/et\\\/\",\"name\":\"Holz Prof O\u00dc\",\"description\":\"\",\"publisher\":{\"@id\":\"https:\\\/\\\/holzprof.ee\\\/et\\\/#organization\"},\"potentialAction\":[{\"@type\":\"SearchAction\",\"target\":{\"@type\":\"EntryPoint\",\"urlTemplate\":\"https:\\\/\\\/holzprof.ee\\\/et\\\/?s={search_term_string}\"},\"query-input\":{\"@type\":\"PropertyValueSpecification\",\"valueRequired\":true,\"valueName\":\"search_term_string\"}}],\"inLanguage\":\"et\"},{\"@type\":\"Organization\",\"@id\":\"https:\\\/\\\/holzprof.ee\\\/et\\\/#organization\",\"name\":\"Holz Prof O\u00dc\",\"url\":\"https:\\\/\\\/holzprof.ee\\\/et\\\/\",\"logo\":{\"@type\":\"ImageObject\",\"inLanguage\":\"et\",\"@id\":\"https:\\\/\\\/holzprof.ee\\\/et\\\/#\\\/schema\\\/logo\\\/image\\\/\",\"url\":\"https:\\\/\\\/holzprof.ee\\\/wp-content\\\/uploads\\\/holzprof.svg\",\"contentUrl\":\"https:\\\/\\\/holzprof.ee\\\/wp-content\\\/uploads\\\/holzprof.svg\",\"width\":1,\"height\":1,\"caption\":\"Holz Prof O\u00dc\"},\"image\":{\"@id\":\"https:\\\/\\\/holzprof.ee\\\/et\\\/#\\\/schema\\\/logo\\\/image\\\/\"},\"sameAs\":[\"http:\\\/\\\/www.facebook.com\\\/holzprof.ee\",\"https:\\\/\\\/x.com\\\/Holzprof\",\"http:\\\/\\\/www.instagram.com\\\/holzprof.ee\\\/\",\"http:\\\/\\\/www.pinterest.com\\\/holzprof\\\/\",\"http:\\\/\\\/www.youtube.com\\\/channel\\\/UC_ZF2B6Qho67io31S7-P_9w\"]}]}<\/script>\n<!-- \/ Yoast SEO plugin. -->","yoast_head_json":{"title":"Firmast - Meie p\u00f5hisuunad on - Holz Prof O\u00dc","description":"KES ME OLEME? HOLZ Prof O\u00dc on tegelenud enam kui 20 aastat teadusuuringutega, mis keskenduvad innovaatilistele puit- ja muudele t\u00f6\u00f6stuslikele toodetele ja","robots":{"index":"index","follow":"follow","max-snippet":"max-snippet:-1","max-image-preview":"max-image-preview:large","max-video-preview":"max-video-preview:-1"},"canonical":"https:\/\/holzprof.ee\/et\/firmast\/","og_locale":"et_EE","og_type":"article","og_title":"Firmast - Meie p\u00f5hisuunad on - Holz Prof O\u00dc","og_description":"KES ME OLEME? HOLZ Prof O\u00dc on tegelenud enam kui 20 aastat teadusuuringutega, mis keskenduvad innovaatilistele puit- ja muudele t\u00f6\u00f6stuslikele toodetele ja","og_url":"https:\/\/holzprof.ee\/et\/firmast\/","og_site_name":"Holz Prof O\u00dc","article_publisher":"http:\/\/www.facebook.com\/holzprof.ee","article_modified_time":"2025-03-10T12:02:47+00:00","twitter_misc":{"Est. reading time":"4 minutit"},"schema":{"@context":"https:\/\/schema.org","@graph":[{"@type":"WebPage","@id":"https:\/\/holzprof.ee\/et\/firmast\/","url":"https:\/\/holzprof.ee\/et\/firmast\/","name":"Firmast - Meie p\u00f5hisuunad on - Holz Prof O\u00dc","isPartOf":{"@id":"https:\/\/holzprof.ee\/et\/#website"},"datePublished":"2019-05-28T09:53:45+00:00","dateModified":"2025-03-10T12:02:47+00:00","description":"KES ME OLEME? HOLZ Prof O\u00dc on tegelenud enam kui 20 aastat teadusuuringutega, mis keskenduvad innovaatilistele puit- ja muudele t\u00f6\u00f6stuslikele toodetele ja","breadcrumb":{"@id":"https:\/\/holzprof.ee\/et\/firmast\/#breadcrumb"},"inLanguage":"et","potentialAction":[{"@type":"ReadAction","target":["https:\/\/holzprof.ee\/et\/firmast\/"]}]},{"@type":"BreadcrumbList","@id":"https:\/\/holzprof.ee\/et\/firmast\/#breadcrumb","itemListElement":[{"@type":"ListItem","position":1,"name":"Home","item":"https:\/\/holzprof.ee\/et\/"},{"@type":"ListItem","position":2,"name":"Firmast"}]},{"@type":"WebSite","@id":"https:\/\/holzprof.ee\/et\/#website","url":"https:\/\/holzprof.ee\/et\/","name":"Holz Prof O\u00dc","description":"","publisher":{"@id":"https:\/\/holzprof.ee\/et\/#organization"},"potentialAction":[{"@type":"SearchAction","target":{"@type":"EntryPoint","urlTemplate":"https:\/\/holzprof.ee\/et\/?s={search_term_string}"},"query-input":{"@type":"PropertyValueSpecification","valueRequired":true,"valueName":"search_term_string"}}],"inLanguage":"et"},{"@type":"Organization","@id":"https:\/\/holzprof.ee\/et\/#organization","name":"Holz Prof O\u00dc","url":"https:\/\/holzprof.ee\/et\/","logo":{"@type":"ImageObject","inLanguage":"et","@id":"https:\/\/holzprof.ee\/et\/#\/schema\/logo\/image\/","url":"https:\/\/holzprof.ee\/wp-content\/uploads\/holzprof.svg","contentUrl":"https:\/\/holzprof.ee\/wp-content\/uploads\/holzprof.svg","width":1,"height":1,"caption":"Holz Prof O\u00dc"},"image":{"@id":"https:\/\/holzprof.ee\/et\/#\/schema\/logo\/image\/"},"sameAs":["http:\/\/www.facebook.com\/holzprof.ee","https:\/\/x.com\/Holzprof","http:\/\/www.instagram.com\/holzprof.ee\/","http:\/\/www.pinterest.com\/holzprof\/","http:\/\/www.youtube.com\/channel\/UC_ZF2B6Qho67io31S7-P_9w"]}]}},"_links":{"self":[{"href":"https:\/\/holzprof.ee\/et\/wp-json\/wp\/v2\/pages\/826","targetHints":{"allow":["GET"]}}],"collection":[{"href":"https:\/\/holzprof.ee\/et\/wp-json\/wp\/v2\/pages"}],"about":[{"href":"https:\/\/holzprof.ee\/et\/wp-json\/wp\/v2\/types\/page"}],"author":[{"embeddable":true,"href":"https:\/\/holzprof.ee\/et\/wp-json\/wp\/v2\/users\/1"}],"replies":[{"embeddable":true,"href":"https:\/\/holzprof.ee\/et\/wp-json\/wp\/v2\/comments?post=826"}],"version-history":[{"count":13,"href":"https:\/\/holzprof.ee\/et\/wp-json\/wp\/v2\/pages\/826\/revisions"}],"predecessor-version":[{"id":2378,"href":"https:\/\/holzprof.ee\/et\/wp-json\/wp\/v2\/pages\/826\/revisions\/2378"}],"wp:attachment":[{"href":"https:\/\/holzprof.ee\/et\/wp-json\/wp\/v2\/media?parent=826"}],"curies":[{"name":"wp","href":"https:\/\/api.w.org\/{rel}","templated":true}]}}