{"id":878,"date":"2019-05-30T07:18:18","date_gmt":"2019-05-30T07:18:18","guid":{"rendered":"https:\/\/holzprof.ee\/?page_id=878"},"modified":"2026-03-13T10:22:40","modified_gmt":"2026-03-13T10:22:40","slug":"holz-bio-eesti","status":"publish","type":"page","link":"https:\/\/holzprof.ee\/et\/holz-bio-eesti\/","title":{"rendered":"Puidukaitsevahend HOLZ BIO"},"content":{"rendered":"<h1>Puidukaitsevahend HOLZ BIO<\/h1>\n<h2>T\u00f5hus s\u00fcgavimbuv puidukaitsevahend m\u00e4danemise, hallituse, puidusine ja puidukahjurite vastu. Holz Bio puidukaitsevahend sobib nii sise- kui v\u00e4list\u00f6\u00f6deks.<\/h2>\n<div>Immutusvahend Holz Bio on loodud puidu pikaaliseks kaitseks. Holz Bio on s\u00fcgavimbuv vahend, mis tagab puidule pikaajalise kaitse vananemise eest ja parandab selle kestvust. Holz Bio puidukaitsevahendiga t\u00f6\u00f6deldud puit takistab seente Coniophora puteana, Gloeophyllum trabeum ning Coriolus levikut. Holz Bio puidukaitsevahendit v\u00f5ib kasutada nii sise- kui v\u00e4listingimustes.<\/div>\n<h2>MIKS VALIDA PUIDU KAITSEKS IMMUTUSVAHEND HOLZ BIO?<\/h2>\n<div>\n<p>Puidukaitsevahend Holz Bio seondub puiduga keemiliselt, s\u00e4ilitab puidu tekstuuri ega takista \u00f5hutsirkulatsiooni. Puidukaitsevahend Holz Bio:<\/p>\n<ul>\n<li>on tule- ja plahvatuskindel;<\/li>\n<li>ei sisalda lenduvaid aineid;<\/li>\n<li>ei ole kantserogeenne.<\/li>\n<\/ul>\n<p>Puidukaitsevahend Holz Bio on saadaval kolmes toonis v\u00f5i v\u00e4rvituna. Eritellimusel saab tellida Holz Bio <a href=\"https:\/\/holzprof.ee\/et\/hp-tuletokkepeits\/\">vastavalt v\u00e4rvikaardile<\/a>. Immutit Holz Bio kasutatakse eraldiseisvalt v\u00f5i kruntv\u00e4rvina. Puidukaitsevahendiga immutatud ja kuivatatud pinda v\u00f5ib v\u00e4rvida ja\/v\u00f5i katta erinevate dekoratiivsete materjalidega, n\u00e4iteks <a href=\"https:\/\/holzprof.ee\/et\/holz-oil-eesti\/\">HOLZ Oil puidukaitse\u00f5liga.<\/a><\/p>\n<p><em><strong>HOLZ BIO PUIDUKAITSE IMMUTUSVAHENDIGA T\u00d6\u00d6TLEMISE TULEMUSEKS ON LOOMULIK, TUGEV JA VASTUPIDAV PUIT.<\/strong><\/em><\/p>\n<p>EN 113 ja EN 1276 standarditele vastavad uuringud kinnitavad, et toode on t\u00f5hus puidukaitsevahend.<\/p>\n<\/div>\n<div>\n<p align=\"center\"><iframe loading=\"lazy\" width=\"560\" height=\"315\" src=\"https:\/\/www.youtube.com\/embed\/Rz7-41H8Hig?rel=0&amp;showinfo=0\" frameborder=\"0\" allow=\"autoplay; encrypted-media\" allowfullscreen><\/iframe><\/p>\n<\/div>\n<h2>HOLZ BIO PUIDUKAITSEVAHENDI KASUTAMINE<\/h2>\n<div>\n<p>Immuti Holz BIO on lihtsalt kasutatav ning inimestele, loomadele ja keskkonnale ohutu puidukaitsevahend.<\/p>\n<p><strong>T\u00e4htis on kasutusjuhendi j\u00e4rgimine!<\/strong><\/p>\n<p>Holz BIO puidukaitsevahend kantakse pinnale pintsli, pihusti ja\/v\u00f5i rulli abil 2-3 kihina 40-60-minutiliste intervallidega temperatuuril v\u00e4hemalt +5\u00a0<sup>0<\/sup>\u0421 (\u00f5huniiskus kuni 75%).<\/p>\n<p>Kulu: 200\u2013300 g\/m<sup>2<\/sup>\u00a0(3\u20135 m<sup>2<\/sup>\/1l).<\/p>\n<p>Enne Holz BIO puidukaitsevahendiga t\u00f6\u00f6tlemist on vaja pind puhastada mustusest, tolmust, puukoorest jm. Hallitanud pinnad v\u00f5ib puhastada\u00a0<a href=\"https:\/\/holzprof.ee\/et\/grunt-natur-eesti\/\">Grunt Natur hallituse eemaldajaga.<\/a><\/p>\n<\/div>\n<div>Mitte t\u00f6\u00f6delda j\u00e4\u00e4tunud puitu! Mitte segada teiste vahenditega!<\/div>\n<div>\n<p>Holz Bio puidukaitsevahendiga immutatud ja kuivanud pinda v\u00f5ib v\u00e4rvida ja\/v\u00f5i katta teiste dekoratiivvahenditega.<\/p>\n<p>Kuivamisaeg s\u00f5ltub materjali imamisv\u00f5imest ja kuivamistingimustest (temperatuur ja niiskus). Iga pinnale kantud kiht tuleb kuivatada \u00f5hu k\u00e4es temperatuurivahemikus +12\u00a0<sup>0<\/sup>C &#8230; +40\u00a0<sup>0<\/sup>C ja \u00f5huniiskusega kuni 75%. Kuivamisaeg on 24-72 tundi. Kuivamiskiirus s\u00f5ltub \u00f5hutemperatuurist ja -niiskusest, puidut\u00fc\u00fcbist ja viimistlusviisist.<\/p>\n<p>Puidukaitsevahendi Holz Bio kohta lisainformatsiooni saamiseks v\u00f5tke palun meiega \u00fchendust.<\/p>\n<\/div>\n<p><p>\n        <a href=\"https:\/\/holzprof.ee\/et\/maailma-v-rgustik\/\">Kust osta?<\/a>\n    <\/p>\n<\/p>\n<p><img decoding=\"async\" src=\"\/wp-content\/uploads\/bio.png\" alt=\"Puidukaitsevahend HOLZ BIO\"><\/p>\n<div>\n<p>    <!--\n\n<p align=\"center\"><a href=\"http:\/\/holzprof.ee\/images\/tooted\/bio\/Holz-Bio_et.pdf\" target=\"_blank\"><img decoding=\"async\" src=\"\/wp-content\/uploads\/pdf.svg\" alt=\"Instruction for treatment wood with Holz BIO preservative\" width=\"60\" \/><br \/>Holz BIO puidukaitsevahendi kasutusjuhend<\/a><\/p>\n\n-->\n<\/div>\n<p><img decoding=\"async\" src=\"\/wp-content\/uploads\/Holz-Bio-cover-2.jpg\" alt=\"HOLZ BIO cover\"><br \/>\n<img decoding=\"async\" src=\"\/wp-content\/uploads\/hb1-300x30012.png\" alt=\"HOLZ BIO protects wood\"><br \/>\n<img decoding=\"async\" src=\"\/wp-content\/uploads\/hb2-300x3001.png\" alt=\"HOLZ BIO wood preservative\"><\/p>\n<p><!--more--><br \/>\n<!-- {\"type\":\"layout\",\"children\":[{\"type\":\"section\",\"props\":{\"animation\":\"slide-bottom-small\",\"animation_delay\":\"200\",\"image_position\":\"center-center\",\"padding_remove_bottom\":false,\"style\":\"default\",\"title_breakpoint\":\"xl\",\"title_position\":\"top-left\",\"title_rotation\":\"left\",\"vertical_align\":\"\",\"width\":\"large\"},\"children\":[{\"type\":\"row\",\"props\":{\"layout\":\"3-4,1-4\",\"margin\":\"default\",\"margin_remove_bottom\":false},\"children\":[{\"type\":\"column\",\"props\":{\"image_position\":\"center-center\",\"position_sticky_breakpoint\":\"m\",\"width_small\":\"3-4\"},\"children\":[{\"type\":\"headline\",\"props\":{\"content\":\"Puidukaitsevahend HOLZ BIO\",\"margin\":\"medium\",\"title_decoration\":\"divider\",\"title_element\":\"h1\",\"title_style\":\"heading-small\"}},{\"type\":\"headline\",\"props\":{\"content\":\"T\\u00f5hus s\\u00fcgavimbuv puidukaitsevahend m\\u00e4danemise, hallituse, puidusine ja puidukahjurite vastu. Holz Bio puidukaitsevahend sobib nii sise- kui v\\u00e4list\\u00f6\\u00f6deks.\",\"margin\":\"default\",\"title_color\":\"primary\",\"title_element\":\"h2\",\"title_style\":\"h3\"}},{\"type\":\"text\",\"props\":{\"column_breakpoint\":\"m\",\"content\":\"Immutusvahend Holz Bio on loodud puidu pikaaliseks kaitseks. Holz Bio on s\\u00fcgavimbuv vahend, mis tagab puidule pikaajalise kaitse vananemise eest ja parandab selle kestvust. Holz Bio puidukaitsevahendiga t\\u00f6\\u00f6deldud puit takistab seente Coniophora puteana, Gloeophyllum trabeum ning Coriolus levikut. Holz Bio puidukaitsevahendit v\\u00f5ib kasutada nii sise- kui v\\u00e4listingimustes.\",\"margin\":\"default\",\"text_align\":\"justify\"}},{\"type\":\"headline\",\"props\":{\"content\":\"MIKS VALIDA PUIDU KAITSEKS IMMUTUSVAHEND HOLZ BIO?\",\"margin\":\"medium\",\"title_decoration\":\"bullet\",\"title_element\":\"h2\",\"title_style\":\"h2\"}},{\"type\":\"text\",\"props\":{\"column_breakpoint\":\"m\",\"content\":\"\n\n<p>Puidukaitsevahend Holz Bio seondub puiduga keemiliselt, s\\u00e4ilitab puidu tekstuuri ega takista \\u00f5hutsirkulatsiooni. Puidukaitsevahend Holz Bio:<\\\/p>\\n\n\n<ul>\\n\n\n<li>on tule- ja plahvatuskindel;<\\\/li>\\n\n\n<li>ei sisalda lenduvaid aineid;<\\\/li>\\n\n\n<li>ei ole kantserogeenne.<\\\/li>\\n<\\\/ul>\\n\n\n<p>Puidukaitsevahend Holz Bio on saadaval kolmes toonis v\\u00f5i v\\u00e4rvituna. Eritellimusel saab tellida Holz Bio <a href=\\\"\\\/et\\\/hp-tuletokkepeits\\\/\\\">vastavalt v\\u00e4rvikaardile<\\\/a>. Immutit Holz Bio kasutatakse eraldiseisvalt v\\u00f5i kruntv\\u00e4rvina. Puidukaitsevahendiga immutatud ja kuivatatud pinda v\\u00f5ib v\\u00e4rvida ja\\\/v\\u00f5i katta erinevate dekoratiivsete materjalidega, n\\u00e4iteks <a href=\\\"\\\/et\\\/holz-oil-eesti\\\/\\\">HOLZ Oil puidukaitse\\u00f5liga.<\\\/a><\\\/p>\\n\n\n<p><em><strong>HOLZ BIO PUIDUKAITSE IMMUTUSVAHENDIGA T\\u00d6\\u00d6TLEMISE TULEMUSEKS ON LOOMULIK, TUGEV JA VASTUPIDAV PUIT.<\\\/strong><\\\/em><\\\/p>\\n\n\n<p>EN 113 ja EN 1276 standarditele vastavad uuringud kinnitavad, et toode on t\\u00f5hus puidukaitsevahend.<\\\/p>\",\"margin\":\"default\",\"text_align\":\"justify\"}},{\"type\":\"html\",\"props\":{\"content\":\"\n\n<p align=\\\"center\\\"><iframe width=\\\"560\\\" height=\\\"315\\\" src=\\\"https:\\\/\\\/www.youtube.com\\\/embed\\\/Rz7-41H8Hig?rel=0&amp;showinfo=0\\\" frameborder=\\\"0\\\" allow=\\\"autoplay; encrypted-media\\\" allowfullscreen><\\\/iframe><\\\/p>\"}},{\"type\":\"headline\",\"props\":{\"content\":\"HOLZ BIO PUIDUKAITSEVAHENDI KASUTAMINE\",\"margin\":\"medium\",\"title_decoration\":\"bullet\",\"title_element\":\"h2\",\"title_style\":\"h2\"}},{\"type\":\"text\",\"props\":{\"column_breakpoint\":\"m\",\"content\":\"\n\n<p>Immuti Holz BIO on lihtsalt kasutatav ning inimestele, loomadele ja keskkonnale ohutu puidukaitsevahend.<\\\/p>\\n\n\n<p><strong>T\\u00e4htis on kasutusjuhendi j\\u00e4rgimine!<\\\/strong><\\\/p>\\n\n\n<p>Holz BIO puidukaitsevahend kantakse pinnale pintsli, pihusti ja\\\/v\\u00f5i rulli abil 2-3 kihina 40-60-minutiliste intervallidega temperatuuril v\\u00e4hemalt +5\\u00a0<sup>0<\\\/sup>\\u0421 (\\u00f5huniiskus kuni 75%).<\\\/p>\\n\n\n<p>Kulu: 200\\u2013300 g\\\/m<sup>2<\\\/sup>\\u00a0(3\\u20135 m<sup>2<\\\/sup>\\\/1l).<\\\/p>\\n\n\n<p>Enne Holz BIO puidukaitsevahendiga t\\u00f6\\u00f6tlemist on vaja pind puhastada mustusest, tolmust, puukoorest jm. Hallitanud pinnad v\\u00f5ib puhastada\\u00a0<a href=\\\"\\\/et\\\/grunt-natur-eesti\\\/\\\">Grunt Natur hallituse eemaldajaga.<\\\/a><\\\/p>\",\"margin\":\"default\",\"text_align\":\"justify\"}},{\"type\":\"headline\",\"props\":{\"content\":\"Mitte t\\u00f6\\u00f6delda j\\u00e4\\u00e4tunud puitu! Mitte segada teiste vahenditega!\",\"margin\":\"medium\",\"title_color\":\"danger\",\"title_element\":\"div\",\"title_style\":\"h3\"}},{\"type\":\"text\",\"props\":{\"column_breakpoint\":\"m\",\"content\":\"\n\n<p>Holz Bio puidukaitsevahendiga immutatud ja kuivanud pinda v\\u00f5ib v\\u00e4rvida ja\\\/v\\u00f5i katta teiste dekoratiivvahenditega.<\\\/p>\\n\n\n<p>Kuivamisaeg s\\u00f5ltub materjali imamisv\\u00f5imest ja kuivamistingimustest (temperatuur ja niiskus). Iga pinnale kantud kiht tuleb kuivatada \\u00f5hu k\\u00e4es temperatuurivahemikus +12\\u00a0<sup>0<\\\/sup>C ... +40\\u00a0<sup>0<\\\/sup>C ja \\u00f5huniiskusega kuni 75%. Kuivamisaeg on 24-72 tundi. Kuivamiskiirus s\\u00f5ltub \\u00f5hutemperatuurist ja -niiskusest, puidut\\u00fc\\u00fcbist ja viimistlusviisist.<\\\/p>\\n\n\n<p>Puidukaitsevahendi Holz Bio kohta lisainformatsiooni saamiseks v\\u00f5tke palun meiega \\u00fchendust.<\\\/p>\",\"margin\":\"default\",\"text_align\":\"justify\"}},{\"type\":\"button\",\"props\":{\"button_size\":\"large\",\"grid_column_gap\":\"small\",\"grid_row_gap\":\"small\",\"margin\":\"large\",\"text_align\":\"center\"},\"children\":[{\"type\":\"button_item\",\"props\":{\"button_style\":\"default\",\"content\":\"Kust osta?\",\"dialog_layout\":\"modal\",\"dialog_offcanvas_flip\":true,\"icon_align\":\"left\",\"link\":\"\\\/et\\\/maailma-v-rgustik\\\/\"}}]}]},{\"type\":\"column\",\"props\":{\"image_position\":\"center-center\",\"position_sticky_breakpoint\":\"m\",\"width_small\":\"1-4\"},\"children\":[{\"type\":\"image\",\"props\":{\"image\":\"wp-content\\\/uploads\\\/bio.png\",\"image_alt\":\"Puidukaitsevahend HOLZ BIO\",\"image_svg_color\":\"emphasis\",\"margin\":\"default\"}},{\"type\":\"html\",\"props\":{\"content\":\"<!--\n\n<p align=\\\"center\\\"><a href=\\\"http:\\\/\\\/holzprof.ee\\\/images\\\/tooted\\\/bio\\\/Holz-Bio_et.pdf\\\" target=\\\"_blank\\\"><img src=\\\"\\\/wp-content\\\/uploads\\\/pdf.svg\\\" alt=\\\"Instruction for treatment wood with Holz BIO preservative\\\" width=\\\"60\\\" \\\/><br \/>Holz BIO puidukaitsevahendi kasutusjuhend<\\\/a><\\\/p>--><br \/>&#8220;}},{&#8220;type&#8221;:&#8221;image&#8221;,&#8221;props&#8221;:{&#8220;image&#8221;:&#8221;wp-content\\\/uploads\\\/Holz-Bio-cover-2.jpg&#8221;,&#8221;image_alt&#8221;:&#8221;HOLZ BIO cover&#8221;,&#8221;image_svg_color&#8221;:&#8221;emphasis&#8221;,&#8221;margin&#8221;:&#8221;default&#8221;,&#8221;text_align&#8221;:&#8221;center&#8221;}},{&#8220;type&#8221;:&#8221;image&#8221;,&#8221;props&#8221;:{&#8220;image&#8221;:&#8221;wp-content\\\/uploads\\\/hb1-300&#215;30012.png&#8221;,&#8221;image_alt&#8221;:&#8221;HOLZ BIO protects wood&#8221;,&#8221;image_svg_color&#8221;:&#8221;emphasis&#8221;,&#8221;margin&#8221;:&#8221;default&#8221;,&#8221;text_align&#8221;:&#8221;center&#8221;}},{&#8220;type&#8221;:&#8221;image&#8221;,&#8221;props&#8221;:{&#8220;image&#8221;:&#8221;wp-content\\\/uploads\\\/hb2-300&#215;3001.png&#8221;,&#8221;image_alt&#8221;:&#8221;HOLZ BIO wood preservative&#8221;,&#8221;image_svg_color&#8221;:&#8221;emphasis&#8221;,&#8221;margin&#8221;:&#8221;default&#8221;,&#8221;margin_remove_bottom&#8221;:true,&#8221;text_align&#8221;:&#8221;center&#8221;}}]}]}],&#8221;name&#8221;:&#8221;Product&#8221;},{&#8220;type&#8221;:&#8221;section&#8221;,&#8221;props&#8221;:{&#8220;animation&#8221;:&#8221;slide-bottom-medium&#8221;,&#8221;animation_delay&#8221;:false,&#8221;image_position&#8221;:&#8221;center-center&#8221;,&#8221;padding_remove_bottom&#8221;:true,&#8221;style&#8221;:&#8221;default&#8221;,&#8221;title_breakpoint&#8221;:&#8221;xl&#8221;,&#8221;title_position&#8221;:&#8221;top-left&#8221;,&#8221;title_rotation&#8221;:&#8221;left&#8221;,&#8221;vertical_align&#8221;:&#8221;&#8221;,&#8221;width&#8221;:&#8221;large&#8221;},&#8221;children&#8221;:[{&#8220;type&#8221;:&#8221;row&#8221;,&#8221;props&#8221;:{&#8220;layout&#8221;:&#8221;1-4,1-4,1-4,1-4|1-2,1-2,1-2,1-2&#8243;},&#8221;children&#8221;:[{&#8220;type&#8221;:&#8221;column&#8221;,&#8221;props&#8221;:{&#8220;image_position&#8221;:&#8221;center-center&#8221;,&#8221;position_sticky_breakpoint&#8221;:&#8221;m&#8221;,&#8221;width_medium&#8221;:&#8221;1-4&#8243;,&#8221;width_small&#8221;:&#8221;1-2&#8243;},&#8221;children&#8221;:[{&#8220;type&#8221;:&#8221;module_position&#8221;,&#8221;props&#8221;:{&#8220;breakpoint&#8221;:&#8221;m&#8221;,&#8221;content&#8221;:&#8221;builder-2&#8243;,&#8221;grid_divider&#8221;:false,&#8221;layout&#8221;:&#8221;stack&#8221;},&#8221;name&#8221;:&#8221;For wood&#8221;}]},{&#8220;type&#8221;:&#8221;column&#8221;,&#8221;props&#8221;:{&#8220;image_position&#8221;:&#8221;center-center&#8221;,&#8221;position_sticky_breakpoint&#8221;:&#8221;m&#8221;,&#8221;width_medium&#8221;:&#8221;1-4&#8243;,&#8221;width_small&#8221;:&#8221;1-2&#8243;},&#8221;children&#8221;:[{&#8220;type&#8221;:&#8221;module_position&#8221;,&#8221;props&#8221;:{&#8220;breakpoint&#8221;:&#8221;m&#8221;,&#8221;content&#8221;:&#8221;builder-3&#8243;,&#8221;grid_divider&#8221;:false,&#8221;layout&#8221;:&#8221;stack&#8221;},&#8221;name&#8221;:&#8221;For wood&#8221;}]},{&#8220;type&#8221;:&#8221;column&#8221;,&#8221;props&#8221;:{&#8220;image_position&#8221;:&#8221;center-center&#8221;,&#8221;position_sticky_breakpoint&#8221;:&#8221;m&#8221;,&#8221;width_medium&#8221;:&#8221;1-4&#8243;,&#8221;width_small&#8221;:&#8221;1-2&#8243;},&#8221;children&#8221;:[{&#8220;type&#8221;:&#8221;module_position&#8221;,&#8221;props&#8221;:{&#8220;breakpoint&#8221;:&#8221;m&#8221;,&#8221;content&#8221;:&#8221;builder-4&#8243;,&#8221;grid_divider&#8221;:false,&#8221;layout&#8221;:&#8221;stack&#8221;},&#8221;name&#8221;:&#8221;For wood&#8221;}]},{&#8220;type&#8221;:&#8221;column&#8221;,&#8221;props&#8221;:{&#8220;image_position&#8221;:&#8221;center-center&#8221;,&#8221;position_sticky_breakpoint&#8221;:&#8221;m&#8221;,&#8221;width_medium&#8221;:&#8221;1-4&#8243;,&#8221;width_small&#8221;:&#8221;1-2&#8243;},&#8221;children&#8221;:[{&#8220;type&#8221;:&#8221;module_position&#8221;,&#8221;props&#8221;:{&#8220;breakpoint&#8221;:&#8221;m&#8221;,&#8221;content&#8221;:&#8221;builder-5&#8243;,&#8221;grid_divider&#8221;:false,&#8221;layout&#8221;:&#8221;stack&#8221;},&#8221;name&#8221;:&#8221;For wood&#8221;}]}]}],&#8221;name&#8221;:&#8221;Menu &#8211; product&#8221;}],&#8221;version&#8221;:&#8221;4.5.1&#8243;} &#8211;><\/p>\n","protected":false},"excerpt":{"rendered":"<p>Puidukaitsevahend HOLZ BIO T\u00f5hus s\u00fcgavimbuv puidukaitsevahend m\u00e4danemise, hallituse, puidusine ja puidukahjurite vastu. Holz Bio puidukaitsevahend sobib nii sise- kui v\u00e4list\u00f6\u00f6deks. Immutusvahend Holz Bio on loodud puidu pikaaliseks kaitseks. Holz Bio on s\u00fcgavimbuv vahend, mis tagab puidule pikaajalise kaitse vananemise eest ja parandab selle kestvust. Holz Bio puidukaitsevahendiga t\u00f6\u00f6deldud puit takistab seente Coniophora puteana, Gloeophyllum trabeum [&hellip;]<\/p>\n","protected":false},"author":1,"featured_media":0,"parent":0,"menu_order":0,"comment_status":"closed","ping_status":"closed","template":"","meta":{"footnotes":""},"class_list":["post-878","page","type-page","status-publish","hentry"],"yoast_head":"<!-- This site is optimized with the Yoast SEO plugin v27.3 - https:\/\/yoast.com\/product\/yoast-seo-wordpress\/ -->\n<title>Puidukaitsevahend HOLZ BIO - Holz Prof O\u00dc<\/title>\n<meta name=\"description\" content=\"Puidukaitsevahend HOLZ BIO T\u00f5hus s\u00fcgavimbuv puidukaitsevahend m\u00e4danemise, hallituse, puidusine ja puidukahjurite vastu. Holz Bio puidukaitsevahend sobib\" \/>\n<meta name=\"robots\" content=\"index, follow, max-snippet:-1, max-image-preview:large, max-video-preview:-1\" \/>\n<link rel=\"canonical\" href=\"https:\/\/holzprof.ee\/et\/holz-bio-eesti\/\" \/>\n<meta property=\"og:locale\" content=\"et_EE\" \/>\n<meta property=\"og:type\" content=\"article\" \/>\n<meta property=\"og:title\" content=\"Puidukaitsevahend HOLZ BIO - Holz Prof O\u00dc\" \/>\n<meta property=\"og:description\" content=\"Puidukaitsevahend HOLZ BIO T\u00f5hus s\u00fcgavimbuv puidukaitsevahend m\u00e4danemise, hallituse, puidusine ja puidukahjurite vastu. Holz Bio puidukaitsevahend sobib\" \/>\n<meta property=\"og:url\" content=\"https:\/\/holzprof.ee\/et\/holz-bio-eesti\/\" \/>\n<meta property=\"og:site_name\" content=\"Holz Prof O\u00dc\" \/>\n<meta property=\"article:publisher\" content=\"http:\/\/www.facebook.com\/holzprof.ee\" \/>\n<meta property=\"article:modified_time\" content=\"2026-03-13T10:22:40+00:00\" \/>\n<meta name=\"twitter:label1\" content=\"Est. reading time\" \/>\n\t<meta name=\"twitter:data1\" content=\"3 minutit\" \/>\n<script type=\"application\/ld+json\" class=\"yoast-schema-graph\">{\"@context\":\"https:\\\/\\\/schema.org\",\"@graph\":[{\"@type\":\"WebPage\",\"@id\":\"https:\\\/\\\/holzprof.ee\\\/et\\\/holz-bio-eesti\\\/\",\"url\":\"https:\\\/\\\/holzprof.ee\\\/et\\\/holz-bio-eesti\\\/\",\"name\":\"Puidukaitsevahend HOLZ BIO - Holz Prof O\u00dc\",\"isPartOf\":{\"@id\":\"https:\\\/\\\/holzprof.ee\\\/et\\\/#website\"},\"datePublished\":\"2019-05-30T07:18:18+00:00\",\"dateModified\":\"2026-03-13T10:22:40+00:00\",\"description\":\"Puidukaitsevahend HOLZ BIO T\u00f5hus s\u00fcgavimbuv puidukaitsevahend m\u00e4danemise, hallituse, puidusine ja puidukahjurite vastu. Holz Bio puidukaitsevahend sobib\",\"breadcrumb\":{\"@id\":\"https:\\\/\\\/holzprof.ee\\\/et\\\/holz-bio-eesti\\\/#breadcrumb\"},\"inLanguage\":\"et\",\"potentialAction\":[{\"@type\":\"ReadAction\",\"target\":[\"https:\\\/\\\/holzprof.ee\\\/et\\\/holz-bio-eesti\\\/\"]}]},{\"@type\":\"BreadcrumbList\",\"@id\":\"https:\\\/\\\/holzprof.ee\\\/et\\\/holz-bio-eesti\\\/#breadcrumb\",\"itemListElement\":[{\"@type\":\"ListItem\",\"position\":1,\"name\":\"Home\",\"item\":\"https:\\\/\\\/holzprof.ee\\\/et\\\/\"},{\"@type\":\"ListItem\",\"position\":2,\"name\":\"Puidukaitsevahend HOLZ BIO\"}]},{\"@type\":\"WebSite\",\"@id\":\"https:\\\/\\\/holzprof.ee\\\/et\\\/#website\",\"url\":\"https:\\\/\\\/holzprof.ee\\\/et\\\/\",\"name\":\"Holz Prof O\u00dc\",\"description\":\"\",\"publisher\":{\"@id\":\"https:\\\/\\\/holzprof.ee\\\/et\\\/#organization\"},\"potentialAction\":[{\"@type\":\"SearchAction\",\"target\":{\"@type\":\"EntryPoint\",\"urlTemplate\":\"https:\\\/\\\/holzprof.ee\\\/et\\\/?s={search_term_string}\"},\"query-input\":{\"@type\":\"PropertyValueSpecification\",\"valueRequired\":true,\"valueName\":\"search_term_string\"}}],\"inLanguage\":\"et\"},{\"@type\":\"Organization\",\"@id\":\"https:\\\/\\\/holzprof.ee\\\/et\\\/#organization\",\"name\":\"Holz Prof O\u00dc\",\"url\":\"https:\\\/\\\/holzprof.ee\\\/et\\\/\",\"logo\":{\"@type\":\"ImageObject\",\"inLanguage\":\"et\",\"@id\":\"https:\\\/\\\/holzprof.ee\\\/et\\\/#\\\/schema\\\/logo\\\/image\\\/\",\"url\":\"https:\\\/\\\/holzprof.ee\\\/wp-content\\\/uploads\\\/holzprof.svg\",\"contentUrl\":\"https:\\\/\\\/holzprof.ee\\\/wp-content\\\/uploads\\\/holzprof.svg\",\"width\":1,\"height\":1,\"caption\":\"Holz Prof O\u00dc\"},\"image\":{\"@id\":\"https:\\\/\\\/holzprof.ee\\\/et\\\/#\\\/schema\\\/logo\\\/image\\\/\"},\"sameAs\":[\"http:\\\/\\\/www.facebook.com\\\/holzprof.ee\",\"https:\\\/\\\/x.com\\\/Holzprof\",\"http:\\\/\\\/www.instagram.com\\\/holzprof.ee\\\/\",\"http:\\\/\\\/www.pinterest.com\\\/holzprof\\\/\",\"http:\\\/\\\/www.youtube.com\\\/channel\\\/UC_ZF2B6Qho67io31S7-P_9w\"]}]}<\/script>\n<!-- \/ Yoast SEO plugin. -->","yoast_head_json":{"title":"Puidukaitsevahend HOLZ BIO - Holz Prof O\u00dc","description":"Puidukaitsevahend HOLZ BIO T\u00f5hus s\u00fcgavimbuv puidukaitsevahend m\u00e4danemise, hallituse, puidusine ja puidukahjurite vastu. Holz Bio puidukaitsevahend sobib","robots":{"index":"index","follow":"follow","max-snippet":"max-snippet:-1","max-image-preview":"max-image-preview:large","max-video-preview":"max-video-preview:-1"},"canonical":"https:\/\/holzprof.ee\/et\/holz-bio-eesti\/","og_locale":"et_EE","og_type":"article","og_title":"Puidukaitsevahend HOLZ BIO - Holz Prof O\u00dc","og_description":"Puidukaitsevahend HOLZ BIO T\u00f5hus s\u00fcgavimbuv puidukaitsevahend m\u00e4danemise, hallituse, puidusine ja puidukahjurite vastu. Holz Bio puidukaitsevahend sobib","og_url":"https:\/\/holzprof.ee\/et\/holz-bio-eesti\/","og_site_name":"Holz Prof O\u00dc","article_publisher":"http:\/\/www.facebook.com\/holzprof.ee","article_modified_time":"2026-03-13T10:22:40+00:00","twitter_misc":{"Est. reading time":"3 minutit"},"schema":{"@context":"https:\/\/schema.org","@graph":[{"@type":"WebPage","@id":"https:\/\/holzprof.ee\/et\/holz-bio-eesti\/","url":"https:\/\/holzprof.ee\/et\/holz-bio-eesti\/","name":"Puidukaitsevahend HOLZ BIO - Holz Prof O\u00dc","isPartOf":{"@id":"https:\/\/holzprof.ee\/et\/#website"},"datePublished":"2019-05-30T07:18:18+00:00","dateModified":"2026-03-13T10:22:40+00:00","description":"Puidukaitsevahend HOLZ BIO T\u00f5hus s\u00fcgavimbuv puidukaitsevahend m\u00e4danemise, hallituse, puidusine ja puidukahjurite vastu. Holz Bio puidukaitsevahend sobib","breadcrumb":{"@id":"https:\/\/holzprof.ee\/et\/holz-bio-eesti\/#breadcrumb"},"inLanguage":"et","potentialAction":[{"@type":"ReadAction","target":["https:\/\/holzprof.ee\/et\/holz-bio-eesti\/"]}]},{"@type":"BreadcrumbList","@id":"https:\/\/holzprof.ee\/et\/holz-bio-eesti\/#breadcrumb","itemListElement":[{"@type":"ListItem","position":1,"name":"Home","item":"https:\/\/holzprof.ee\/et\/"},{"@type":"ListItem","position":2,"name":"Puidukaitsevahend HOLZ BIO"}]},{"@type":"WebSite","@id":"https:\/\/holzprof.ee\/et\/#website","url":"https:\/\/holzprof.ee\/et\/","name":"Holz Prof O\u00dc","description":"","publisher":{"@id":"https:\/\/holzprof.ee\/et\/#organization"},"potentialAction":[{"@type":"SearchAction","target":{"@type":"EntryPoint","urlTemplate":"https:\/\/holzprof.ee\/et\/?s={search_term_string}"},"query-input":{"@type":"PropertyValueSpecification","valueRequired":true,"valueName":"search_term_string"}}],"inLanguage":"et"},{"@type":"Organization","@id":"https:\/\/holzprof.ee\/et\/#organization","name":"Holz Prof O\u00dc","url":"https:\/\/holzprof.ee\/et\/","logo":{"@type":"ImageObject","inLanguage":"et","@id":"https:\/\/holzprof.ee\/et\/#\/schema\/logo\/image\/","url":"https:\/\/holzprof.ee\/wp-content\/uploads\/holzprof.svg","contentUrl":"https:\/\/holzprof.ee\/wp-content\/uploads\/holzprof.svg","width":1,"height":1,"caption":"Holz Prof O\u00dc"},"image":{"@id":"https:\/\/holzprof.ee\/et\/#\/schema\/logo\/image\/"},"sameAs":["http:\/\/www.facebook.com\/holzprof.ee","https:\/\/x.com\/Holzprof","http:\/\/www.instagram.com\/holzprof.ee\/","http:\/\/www.pinterest.com\/holzprof\/","http:\/\/www.youtube.com\/channel\/UC_ZF2B6Qho67io31S7-P_9w"]}]}},"_links":{"self":[{"href":"https:\/\/holzprof.ee\/et\/wp-json\/wp\/v2\/pages\/878","targetHints":{"allow":["GET"]}}],"collection":[{"href":"https:\/\/holzprof.ee\/et\/wp-json\/wp\/v2\/pages"}],"about":[{"href":"https:\/\/holzprof.ee\/et\/wp-json\/wp\/v2\/types\/page"}],"author":[{"embeddable":true,"href":"https:\/\/holzprof.ee\/et\/wp-json\/wp\/v2\/users\/1"}],"replies":[{"embeddable":true,"href":"https:\/\/holzprof.ee\/et\/wp-json\/wp\/v2\/comments?post=878"}],"version-history":[{"count":7,"href":"https:\/\/holzprof.ee\/et\/wp-json\/wp\/v2\/pages\/878\/revisions"}],"predecessor-version":[{"id":2518,"href":"https:\/\/holzprof.ee\/et\/wp-json\/wp\/v2\/pages\/878\/revisions\/2518"}],"wp:attachment":[{"href":"https:\/\/holzprof.ee\/et\/wp-json\/wp\/v2\/media?parent=878"}],"curies":[{"name":"wp","href":"https:\/\/api.w.org\/{rel}","templated":true}]}}