{"id":890,"date":"2019-05-30T07:23:31","date_gmt":"2019-05-30T07:23:31","guid":{"rendered":"https:\/\/holzprof.ee\/?page_id=890"},"modified":"2019-05-30T10:27:39","modified_gmt":"2019-05-30T10:27:39","slug":"h-sept-eesti","status":"publish","type":"page","link":"https:\/\/holzprof.ee\/et\/h-sept-eesti\/","title":{"rendered":"Puhastus- ja desinfitseerimisvahend H.SEPT"},"content":{"rendered":"<h1>Puhastus- ja desinfitseerimisvahend H.SEPT<\/h1>\n<div>H.Sept on antibakteriaalne puhastusvahend, mis takistab Escherichia coli, Staphylococcus aureus, Enterococcus hirae, Pseudomonas aeruginosa levikut.<\/div>\n<h2>MIKS VALIDA H.SEPT DESINFITSEERIMISVAHENDIT PUHASTAMISEKS?<\/h2>\n<div>\n<ul>\n<li>Eemaldab efektiivselt mustuse, hallituse, rooste, lubjasadestused, rasva ja ebameeldivad l\u00f5hnad<\/li>\n<li>Igati ohutu nii inimestele kui loomadele<\/li>\n<li>Ei sisalda lenduvaid aineid, fenooli ega kloori.<\/li>\n<li>L\u00f5hnatu, alkoholivaba<\/li>\n<li>Tule- ja plahvatuskindel<\/li>\n<\/ul>\n<\/div>\n<h2>H.SEPT DESINFITSEERIMISVAHENDI KASUTAMINE<\/h2>\n<div>\n<p>H.Sept on kergesti kasutatav ja ohutu puhastusvahend inimestele, loomadele ning keskkonnale.<\/p>\n<p><strong>T\u00e4htis on kasutusjuhendi j\u00e4lgimine!\u00a0<\/strong><\/p>\n<p>Puhastus- ja desinfitseerimisvahend H.Sept kantakse pinnale pintsli, pihusti ja\/v\u00f5i rulli abil.\u00a0P\u00e4rast immutamist tuleb lasta lahusel 10 minuti jooksul toimida, vajadusel harjata ning seej\u00e4rel pind veega pesta.<\/p>\n<p>NB! Toode tuleb pesta veega enne t\u00e4ieliku kuivamist. T\u00e4ielik kuivamine v\u00f5ib valgendada pinda. V\u00e4rvitud vuukide puhul tuleks v\u00e4rvimuutuste ennetamiseks toodet kasutamiseelselt testida.<\/p>\n<p>Kulu: v\u00e4hemalt 100-150 ml\/m<sup>2<\/sup>.<\/p>\n<\/div>\n<div>Mitte segada teiste vahenditega!<\/div>\n<div>Lisainformatsiooni saamiseks antibakteriaalseks- ning desinfitseerimist\u00f6\u00f6tlemiseks kasutades H.Sept, palun v\u00f5tke meiega \u00fchendust.<\/div>\n<p>\n    <a href=\"\/et\/maailma-v-rgustik\/\">Kust osta?<\/a>\n<\/p>\n<p><img decoding=\"async\" src=\"wp-content\/uploads\/h-sept.jpg\" alt=\"Puhastus- ja desinfitseerimisvahend H.SEPT\"><\/p>\n<div>\n<p align=\"center\"><a href=\"http:\/\/holzprof.ee\/images\/tooted\/sept\/H-SEPT_et.pdf\" target=\"_blank\"><img decoding=\"async\" src=\"\/wp-content\/uploads\/pdf.svg\" alt=\"Instructions for use Holz Prof fire retardant\" width=\"60\" \/><br \/>H Sept puhas- ja desinfitseerimisvahendi kasutusjuhend<\/a><\/p>\n<\/div>\n<p><!-- {\"type\":\"layout\",\"children\":[{\"type\":\"section\",\"props\":{\"style\":\"default\",\"width\":\"default\",\"vertical_align\":\"middle\",\"title_position\":\"top-left\",\"title_rotation\":\"left\",\"title_breakpoint\":\"xl\",\"image_position\":\"center-center\",\"text_color\":\"\",\"width_expand\":\"\",\"height\":\"\",\"padding\":\"\",\"header_transparent\":\"\",\"animation\":\"slide-bottom-small\",\"padding_remove_bottom\":false,\"animation_delay\":true},\"children\":[{\"type\":\"row\",\"props\":{\"layout\":\"3-4,\",\"breakpoint\":\"s\",\"fixed_width\":\"large\",\"gutter\":\"\",\"width\":\"\",\"width_expand\":\"\",\"height\":\"\",\"margin\":\"default\",\"margin_remove_bottom\":false,\"order_last\":false,\"status\":\"\"},\"children\":[{\"type\":\"column\",\"props\":{\"widths\":[\"3-4\"],\"image_position\":\"center-center\",\"media_overlay_gradient\":\"\",\"vertical_align\":\"\",\"style\":\"\",\"text_color\":\"\",\"padding\":\"\"},\"children\":[{\"type\":\"headline\",\"props\":{\"title_element\":\"h1\",\"title_style\":\"h1\",\"title_decoration\":\"divider\",\"title_color\":\"\",\"text_align\":\"\",\"text_align_breakpoint\":\"\",\"text_align_fallback\":\"\",\"maxwidth\":\"\",\"maxwidth_align\":\"\",\"maxwidth_breakpoint\":\"\",\"margin\":\"medium\",\"animation\":\"\",\"visibility\":\"\",\"content\":\"Puhastus- ja desinfitseerimisvahend H.SEPT\"}},{\"type\":\"text\",\"props\":{\"margin\":\"default\",\"column_breakpoint\":\"m\",\"text_style\":\"\",\"text_color\":\"\",\"text_size\":\"\",\"column\":\"\",\"text_align\":\"justify\",\"text_align_breakpoint\":\"\",\"text_align_fallback\":\"\",\"maxwidth\":\"\",\"maxwidth_align\":\"\",\"maxwidth_breakpoint\":\"\",\"animation\":\"\",\"visibility\":\"\",\"content\":\"H.Sept on antibakteriaalne puhastusvahend, mis takistab Escherichia coli, Staphylococcus aureus, Enterococcus hirae, Pseudomonas aeruginosa levikut.\"}},{\"type\":\"headline\",\"props\":{\"title_element\":\"h2\",\"title_style\":\"h2\",\"title_decoration\":\"bullet\",\"title_color\":\"\",\"text_align\":\"\",\"text_align_breakpoint\":\"\",\"text_align_fallback\":\"\",\"maxwidth\":\"\",\"maxwidth_align\":\"\",\"maxwidth_breakpoint\":\"\",\"margin\":\"medium\",\"animation\":\"\",\"visibility\":\"\",\"content\":\"MIKS VALIDA H.SEPT DESINFITSEERIMISVAHENDIT PUHASTAMISEKS?\"}},{\"type\":\"text\",\"props\":{\"margin\":\"default\",\"column_breakpoint\":\"m\",\"text_style\":\"\",\"text_color\":\"\",\"text_size\":\"\",\"column\":\"\",\"text_align\":\"justify\",\"text_align_breakpoint\":\"\",\"text_align_fallback\":\"\",\"maxwidth\":\"\",\"maxwidth_align\":\"\",\"maxwidth_breakpoint\":\"\",\"animation\":\"\",\"visibility\":\"\",\"content\":\"\n\n<ul>\\n\n\n<li>Eemaldab efektiivselt mustuse, hallituse, rooste, lubjasadestused, rasva ja ebameeldivad l\\u00f5hnad<\\\/li>\\n\n\n<li>Igati ohutu nii inimestele kui loomadele<\\\/li>\\n\n\n<li>Ei sisalda lenduvaid aineid, fenooli ega kloori.<\\\/li>\\n\n\n<li>L\\u00f5hnatu, alkoholivaba<\\\/li>\\n\n\n<li>Tule- ja plahvatuskindel<\\\/li>\\n<\\\/ul>\"}},{\"type\":\"headline\",\"props\":{\"title_element\":\"h2\",\"title_style\":\"h2\",\"title_decoration\":\"bullet\",\"title_color\":\"\",\"text_align\":\"\",\"text_align_breakpoint\":\"\",\"text_align_fallback\":\"\",\"maxwidth\":\"\",\"maxwidth_align\":\"\",\"maxwidth_breakpoint\":\"\",\"margin\":\"medium\",\"animation\":\"\",\"visibility\":\"\",\"content\":\"H.SEPT DESINFITSEERIMISVAHENDI KASUTAMINE\"}},{\"type\":\"text\",\"props\":{\"margin\":\"default\",\"column_breakpoint\":\"m\",\"text_style\":\"\",\"text_color\":\"\",\"text_size\":\"\",\"column\":\"\",\"text_align\":\"justify\",\"text_align_breakpoint\":\"\",\"text_align_fallback\":\"\",\"maxwidth\":\"\",\"maxwidth_align\":\"\",\"maxwidth_breakpoint\":\"\",\"animation\":\"\",\"visibility\":\"\",\"content\":\"\n\n<p>H.Sept on kergesti kasutatav ja ohutu puhastusvahend inimestele, loomadele ning keskkonnale.<\\\/p>\\n\n\n<p><strong>T\\u00e4htis on kasutusjuhendi j\\u00e4lgimine!\\u00a0<\\\/strong><\\\/p>\\n\n\n<p>Puhastus- ja desinfitseerimisvahend H.Sept kantakse pinnale pintsli, pihusti ja\\\/v\\u00f5i rulli abil.\\u00a0P\\u00e4rast immutamist tuleb lasta lahusel 10 minuti jooksul toimida, vajadusel harjata ning seej\\u00e4rel pind veega pesta.<\\\/p>\\n\n\n<p>NB! Toode tuleb pesta veega enne t\\u00e4ieliku kuivamist. T\\u00e4ielik kuivamine v\\u00f5ib valgendada pinda. V\\u00e4rvitud vuukide puhul tuleks v\\u00e4rvimuutuste ennetamiseks toodet kasutamiseelselt testida.<\\\/p>\\n\n\n<p>Kulu: v\\u00e4hemalt 100-150 ml\\\/m<sup>2<\\\/sup>.<\\\/p>\"}},{\"type\":\"headline\",\"props\":{\"title_element\":\"div\",\"title_style\":\"h3\",\"title_decoration\":\"\",\"title_color\":\"danger\",\"text_align\":\"\",\"text_align_breakpoint\":\"\",\"text_align_fallback\":\"\",\"maxwidth\":\"\",\"maxwidth_align\":\"\",\"maxwidth_breakpoint\":\"\",\"margin\":\"medium\",\"animation\":\"\",\"visibility\":\"\",\"content\":\"Mitte segada teiste vahenditega!\"}},{\"type\":\"text\",\"props\":{\"margin\":\"default\",\"column_breakpoint\":\"m\",\"text_style\":\"\",\"text_color\":\"\",\"text_size\":\"\",\"column\":\"\",\"text_align\":\"justify\",\"text_align_breakpoint\":\"\",\"text_align_fallback\":\"\",\"maxwidth\":\"\",\"maxwidth_align\":\"\",\"maxwidth_breakpoint\":\"\",\"animation\":\"\",\"visibility\":\"\",\"content\":\"Lisainformatsiooni saamiseks antibakteriaalseks- ning desinfitseerimist\\u00f6\\u00f6tlemiseks kasutades H.Sept, palun v\\u00f5tke meiega \\u00fchendust.\"}},{\"type\":\"button\",\"props\":{\"gutter\":\"small\",\"margin\":\"large\",\"button_size\":\"large\",\"text_align\":\"center\",\"text_align_breakpoint\":\"\",\"text_align_fallback\":\"\",\"maxwidth\":\"\",\"maxwidth_align\":\"\",\"maxwidth_breakpoint\":\"\",\"animation\":\"\",\"visibility\":\"\"},\"children\":[{\"type\":\"button_item\",\"props\":{\"button_style\":\"default\",\"icon_align\":\"left\",\"link_target\":\"\",\"content\":\"Kust osta?\",\"link\":\"\\\/et\\\/maailma-v-rgustik\\\/\"}}]}]},{\"type\":\"column\",\"props\":{\"widths\":[\"\"],\"image_position\":\"center-center\",\"media_overlay_gradient\":\"\",\"vertical_align\":\"\",\"style\":\"\",\"text_color\":\"\",\"padding\":\"\"},\"children\":[{\"type\":\"image\",\"props\":{\"margin\":\"default\",\"image_svg_color\":\"emphasis\",\"link_target\":\"\",\"image_border\":\"\",\"image_box_shadow\":\"\",\"image_hover_box_shadow\":\"\",\"image_box_decoration\":\"\",\"text_align\":\"\",\"text_align_breakpoint\":\"\",\"text_align_fallback\":\"\",\"maxwidth\":\"\",\"maxwidth_align\":\"\",\"maxwidth_breakpoint\":\"\",\"animation\":\"\",\"visibility\":\"\",\"image\":\"wp-content\\\/uploads\\\/h-sept.jpg\",\"image_alt\":\"Puhastus- ja desinfitseerimisvahend H.SEPT\"}},{\"type\":\"html\",\"props\":{\"content\":\"\n\n<p align=\\\"center\\\"><a href=\\\"http:\\\/\\\/holzprof.ee\\\/images\\\/tooted\\\/sept\\\/H-SEPT_et.pdf\\\" target=\\\"_blank\\\"><img src=\\\"\\\/wp-content\\\/uploads\\\/pdf.svg\\\" alt=\\\"Instructions for use Holz Prof fire retardant\\\" width=\\\"60\\\" \\\/><br \/>H Sept puhas- ja desinfitseerimisvahendi kasutusjuhend<\\\/a><\\\/p>\"}}]}]}],\"name\":\"Product\"},{\"type\":\"section\",\"props\":{\"style\":\"default\",\"width\":\"default\",\"vertical_align\":\"middle\",\"title_position\":\"top-left\",\"title_rotation\":\"left\",\"title_breakpoint\":\"xl\",\"image_position\":\"center-center\",\"text_color\":\"\",\"width_expand\":\"\",\"height\":\"\",\"padding\":\"\",\"header_transparent\":\"\",\"animation\":\"slide-bottom-medium\",\"padding_remove_bottom\":true,\"animation_delay\":false},\"children\":[{\"type\":\"row\",\"props\":{\"layout\":\",,,|1-2,1-2,1-2,1-2\",\"breakpoint\":\"m\",\"fixed_width\":\"large\",\"gutter\":\"\",\"width\":\"\",\"width_expand\":\"\",\"height\":\"\",\"margin\":\"\"},\"children\":[{\"type\":\"column\",\"props\":{\"widths\":[\"\",\"1-2\"],\"image_position\":\"center-center\",\"media_overlay_gradient\":\"\",\"vertical_align\":\"\",\"style\":\"\",\"text_color\":\"\",\"padding\":\"\"},\"children\":[{\"type\":\"wordpress_area\",\"props\":{\"layout\":\"stack\",\"breakpoint\":\"m\",\"content\":\"builder-2\",\"grid_gutter\":\"\",\"text_align\":\"\",\"text_align_breakpoint\":\"\",\"text_align_fallback\":\"\",\"maxwidth\":\"\",\"maxwidth_align\":\"\",\"maxwidth_breakpoint\":\"\",\"margin\":\"\",\"animation\":\"\",\"visibility\":\"\",\"grid_divider\":false},\"name\":\"For wood\"}]},{\"type\":\"column\",\"props\":{\"widths\":[\"\",\"1-2\"],\"image_position\":\"center-center\",\"media_overlay_gradient\":\"\",\"vertical_align\":\"\",\"style\":\"\",\"text_color\":\"\",\"padding\":\"\"},\"children\":[{\"type\":\"wordpress_area\",\"props\":{\"layout\":\"stack\",\"breakpoint\":\"m\",\"content\":\"builder-3\",\"grid_gutter\":\"\",\"text_align\":\"\",\"text_align_breakpoint\":\"\",\"text_align_fallback\":\"\",\"maxwidth\":\"\",\"maxwidth_align\":\"\",\"maxwidth_breakpoint\":\"\",\"margin\":\"\",\"animation\":\"\",\"visibility\":\"\",\"grid_divider\":false},\"name\":\"For wood\"}]},{\"type\":\"column\",\"props\":{\"widths\":[\"\",\"1-2\"],\"image_position\":\"center-center\",\"media_overlay_gradient\":\"\",\"vertical_align\":\"\",\"style\":\"\",\"text_color\":\"\",\"padding\":\"\"},\"children\":[{\"type\":\"wordpress_area\",\"props\":{\"layout\":\"stack\",\"breakpoint\":\"m\",\"content\":\"builder-4\",\"grid_gutter\":\"\",\"text_align\":\"\",\"text_align_breakpoint\":\"\",\"text_align_fallback\":\"\",\"maxwidth\":\"\",\"maxwidth_align\":\"\",\"maxwidth_breakpoint\":\"\",\"margin\":\"\",\"animation\":\"\",\"visibility\":\"\",\"grid_divider\":false},\"name\":\"For wood\"}]},{\"type\":\"column\",\"props\":{\"widths\":[\"\",\"1-2\"],\"image_position\":\"center-center\",\"media_overlay_gradient\":\"\",\"vertical_align\":\"\",\"style\":\"\",\"text_color\":\"\",\"padding\":\"\"},\"children\":[{\"type\":\"wordpress_area\",\"props\":{\"layout\":\"stack\",\"breakpoint\":\"m\",\"content\":\"builder-5\",\"grid_gutter\":\"\",\"text_align\":\"\",\"text_align_breakpoint\":\"\",\"text_align_fallback\":\"\",\"maxwidth\":\"\",\"maxwidth_align\":\"\",\"maxwidth_breakpoint\":\"\",\"margin\":\"\",\"animation\":\"\",\"visibility\":\"\",\"grid_divider\":false},\"name\":\"For wood\"}]}]}],\"name\":\"Menu - product\"}],\"version\":\"1.18.15\",\"props\":[]} --><\/p>\n","protected":false},"excerpt":{"rendered":"<p>Puhastus- ja desinfitseerimisvahend H.SEPT H.Sept on antibakteriaalne puhastusvahend, mis takistab Escherichia coli, Staphylococcus aureus, Enterococcus hirae, Pseudomonas aeruginosa levikut. MIKS VALIDA H.SEPT DESINFITSEERIMISVAHENDIT PUHASTAMISEKS? Eemaldab efektiivselt mustuse, hallituse, rooste, lubjasadestused, rasva ja ebameeldivad l\u00f5hnad Igati ohutu nii inimestele kui loomadele Ei sisalda lenduvaid aineid, fenooli ega kloori. L\u00f5hnatu, alkoholivaba Tule- ja plahvatuskindel H.SEPT DESINFITSEERIMISVAHENDI KASUTAMINE [&hellip;]<\/p>\n","protected":false},"author":1,"featured_media":0,"parent":0,"menu_order":0,"comment_status":"closed","ping_status":"closed","template":"","meta":{"footnotes":""},"class_list":["post-890","page","type-page","status-publish","hentry"],"yoast_head":"<!-- This site is optimized with the Yoast SEO plugin v27.3 - https:\/\/yoast.com\/product\/yoast-seo-wordpress\/ -->\n<title>Puhastus- ja desinfitseerimisvahend H.SEPT - Holz Prof O\u00dc<\/title>\n<meta name=\"description\" content=\"Puhastus- ja desinfitseerimisvahend H.SEPT H.Sept on antibakteriaalne puhastusvahend, mis takistab Escherichia coli, Staphylococcus aureus, Enterococcus\" \/>\n<meta name=\"robots\" content=\"index, follow, max-snippet:-1, max-image-preview:large, max-video-preview:-1\" \/>\n<link rel=\"canonical\" href=\"https:\/\/holzprof.ee\/et\/h-sept-eesti\/\" \/>\n<meta property=\"og:locale\" content=\"et_EE\" \/>\n<meta property=\"og:type\" content=\"article\" \/>\n<meta property=\"og:title\" content=\"Puhastus- ja desinfitseerimisvahend H.SEPT - Holz Prof O\u00dc\" \/>\n<meta property=\"og:description\" content=\"Puhastus- ja desinfitseerimisvahend H.SEPT H.Sept on antibakteriaalne puhastusvahend, mis takistab Escherichia coli, Staphylococcus aureus, Enterococcus\" \/>\n<meta property=\"og:url\" content=\"https:\/\/holzprof.ee\/et\/h-sept-eesti\/\" \/>\n<meta property=\"og:site_name\" content=\"Holz Prof O\u00dc\" \/>\n<meta property=\"article:publisher\" content=\"http:\/\/www.facebook.com\/holzprof.ee\" \/>\n<meta property=\"article:modified_time\" content=\"2019-05-30T10:27:39+00:00\" \/>\n<meta property=\"og:image\" content=\"http:\/\/wp-content\/uploads\/h-sept.jpg\" \/>\n<meta name=\"twitter:label1\" content=\"Est. reading time\" \/>\n\t<meta name=\"twitter:data1\" content=\"1 minut\" \/>\n<script type=\"application\/ld+json\" class=\"yoast-schema-graph\">{\"@context\":\"https:\\\/\\\/schema.org\",\"@graph\":[{\"@type\":\"WebPage\",\"@id\":\"https:\\\/\\\/holzprof.ee\\\/et\\\/h-sept-eesti\\\/\",\"url\":\"https:\\\/\\\/holzprof.ee\\\/et\\\/h-sept-eesti\\\/\",\"name\":\"Puhastus- ja desinfitseerimisvahend H.SEPT - Holz Prof O\u00dc\",\"isPartOf\":{\"@id\":\"https:\\\/\\\/holzprof.ee\\\/et\\\/#website\"},\"datePublished\":\"2019-05-30T07:23:31+00:00\",\"dateModified\":\"2019-05-30T10:27:39+00:00\",\"description\":\"Puhastus- ja desinfitseerimisvahend H.SEPT H.Sept on antibakteriaalne puhastusvahend, mis takistab Escherichia coli, Staphylococcus aureus, Enterococcus\",\"breadcrumb\":{\"@id\":\"https:\\\/\\\/holzprof.ee\\\/et\\\/h-sept-eesti\\\/#breadcrumb\"},\"inLanguage\":\"et\",\"potentialAction\":[{\"@type\":\"ReadAction\",\"target\":[\"https:\\\/\\\/holzprof.ee\\\/et\\\/h-sept-eesti\\\/\"]}]},{\"@type\":\"BreadcrumbList\",\"@id\":\"https:\\\/\\\/holzprof.ee\\\/et\\\/h-sept-eesti\\\/#breadcrumb\",\"itemListElement\":[{\"@type\":\"ListItem\",\"position\":1,\"name\":\"Home\",\"item\":\"https:\\\/\\\/holzprof.ee\\\/et\\\/\"},{\"@type\":\"ListItem\",\"position\":2,\"name\":\"Puhastus- ja desinfitseerimisvahend H.SEPT\"}]},{\"@type\":\"WebSite\",\"@id\":\"https:\\\/\\\/holzprof.ee\\\/et\\\/#website\",\"url\":\"https:\\\/\\\/holzprof.ee\\\/et\\\/\",\"name\":\"Holz Prof O\u00dc\",\"description\":\"\",\"publisher\":{\"@id\":\"https:\\\/\\\/holzprof.ee\\\/et\\\/#organization\"},\"potentialAction\":[{\"@type\":\"SearchAction\",\"target\":{\"@type\":\"EntryPoint\",\"urlTemplate\":\"https:\\\/\\\/holzprof.ee\\\/et\\\/?s={search_term_string}\"},\"query-input\":{\"@type\":\"PropertyValueSpecification\",\"valueRequired\":true,\"valueName\":\"search_term_string\"}}],\"inLanguage\":\"et\"},{\"@type\":\"Organization\",\"@id\":\"https:\\\/\\\/holzprof.ee\\\/et\\\/#organization\",\"name\":\"Holz Prof O\u00dc\",\"url\":\"https:\\\/\\\/holzprof.ee\\\/et\\\/\",\"logo\":{\"@type\":\"ImageObject\",\"inLanguage\":\"et\",\"@id\":\"https:\\\/\\\/holzprof.ee\\\/et\\\/#\\\/schema\\\/logo\\\/image\\\/\",\"url\":\"https:\\\/\\\/holzprof.ee\\\/wp-content\\\/uploads\\\/holzprof.svg\",\"contentUrl\":\"https:\\\/\\\/holzprof.ee\\\/wp-content\\\/uploads\\\/holzprof.svg\",\"width\":1,\"height\":1,\"caption\":\"Holz Prof O\u00dc\"},\"image\":{\"@id\":\"https:\\\/\\\/holzprof.ee\\\/et\\\/#\\\/schema\\\/logo\\\/image\\\/\"},\"sameAs\":[\"http:\\\/\\\/www.facebook.com\\\/holzprof.ee\",\"https:\\\/\\\/x.com\\\/Holzprof\",\"http:\\\/\\\/www.instagram.com\\\/holzprof.ee\\\/\",\"http:\\\/\\\/www.pinterest.com\\\/holzprof\\\/\",\"http:\\\/\\\/www.youtube.com\\\/channel\\\/UC_ZF2B6Qho67io31S7-P_9w\"]}]}<\/script>\n<!-- \/ Yoast SEO plugin. -->","yoast_head_json":{"title":"Puhastus- ja desinfitseerimisvahend H.SEPT - Holz Prof O\u00dc","description":"Puhastus- ja desinfitseerimisvahend H.SEPT H.Sept on antibakteriaalne puhastusvahend, mis takistab Escherichia coli, Staphylococcus aureus, Enterococcus","robots":{"index":"index","follow":"follow","max-snippet":"max-snippet:-1","max-image-preview":"max-image-preview:large","max-video-preview":"max-video-preview:-1"},"canonical":"https:\/\/holzprof.ee\/et\/h-sept-eesti\/","og_locale":"et_EE","og_type":"article","og_title":"Puhastus- ja desinfitseerimisvahend H.SEPT - Holz Prof O\u00dc","og_description":"Puhastus- ja desinfitseerimisvahend H.SEPT H.Sept on antibakteriaalne puhastusvahend, mis takistab Escherichia coli, Staphylococcus aureus, Enterococcus","og_url":"https:\/\/holzprof.ee\/et\/h-sept-eesti\/","og_site_name":"Holz Prof O\u00dc","article_publisher":"http:\/\/www.facebook.com\/holzprof.ee","article_modified_time":"2019-05-30T10:27:39+00:00","og_image":[{"url":"wp-content\/uploads\/h-sept.jpg","type":"","width":"","height":""}],"twitter_misc":{"Est. reading time":"1 minut"},"schema":{"@context":"https:\/\/schema.org","@graph":[{"@type":"WebPage","@id":"https:\/\/holzprof.ee\/et\/h-sept-eesti\/","url":"https:\/\/holzprof.ee\/et\/h-sept-eesti\/","name":"Puhastus- ja desinfitseerimisvahend H.SEPT - Holz Prof O\u00dc","isPartOf":{"@id":"https:\/\/holzprof.ee\/et\/#website"},"datePublished":"2019-05-30T07:23:31+00:00","dateModified":"2019-05-30T10:27:39+00:00","description":"Puhastus- ja desinfitseerimisvahend H.SEPT H.Sept on antibakteriaalne puhastusvahend, mis takistab Escherichia coli, Staphylococcus aureus, Enterococcus","breadcrumb":{"@id":"https:\/\/holzprof.ee\/et\/h-sept-eesti\/#breadcrumb"},"inLanguage":"et","potentialAction":[{"@type":"ReadAction","target":["https:\/\/holzprof.ee\/et\/h-sept-eesti\/"]}]},{"@type":"BreadcrumbList","@id":"https:\/\/holzprof.ee\/et\/h-sept-eesti\/#breadcrumb","itemListElement":[{"@type":"ListItem","position":1,"name":"Home","item":"https:\/\/holzprof.ee\/et\/"},{"@type":"ListItem","position":2,"name":"Puhastus- ja desinfitseerimisvahend H.SEPT"}]},{"@type":"WebSite","@id":"https:\/\/holzprof.ee\/et\/#website","url":"https:\/\/holzprof.ee\/et\/","name":"Holz Prof O\u00dc","description":"","publisher":{"@id":"https:\/\/holzprof.ee\/et\/#organization"},"potentialAction":[{"@type":"SearchAction","target":{"@type":"EntryPoint","urlTemplate":"https:\/\/holzprof.ee\/et\/?s={search_term_string}"},"query-input":{"@type":"PropertyValueSpecification","valueRequired":true,"valueName":"search_term_string"}}],"inLanguage":"et"},{"@type":"Organization","@id":"https:\/\/holzprof.ee\/et\/#organization","name":"Holz Prof O\u00dc","url":"https:\/\/holzprof.ee\/et\/","logo":{"@type":"ImageObject","inLanguage":"et","@id":"https:\/\/holzprof.ee\/et\/#\/schema\/logo\/image\/","url":"https:\/\/holzprof.ee\/wp-content\/uploads\/holzprof.svg","contentUrl":"https:\/\/holzprof.ee\/wp-content\/uploads\/holzprof.svg","width":1,"height":1,"caption":"Holz Prof O\u00dc"},"image":{"@id":"https:\/\/holzprof.ee\/et\/#\/schema\/logo\/image\/"},"sameAs":["http:\/\/www.facebook.com\/holzprof.ee","https:\/\/x.com\/Holzprof","http:\/\/www.instagram.com\/holzprof.ee\/","http:\/\/www.pinterest.com\/holzprof\/","http:\/\/www.youtube.com\/channel\/UC_ZF2B6Qho67io31S7-P_9w"]}]}},"_links":{"self":[{"href":"https:\/\/holzprof.ee\/et\/wp-json\/wp\/v2\/pages\/890","targetHints":{"allow":["GET"]}}],"collection":[{"href":"https:\/\/holzprof.ee\/et\/wp-json\/wp\/v2\/pages"}],"about":[{"href":"https:\/\/holzprof.ee\/et\/wp-json\/wp\/v2\/types\/page"}],"author":[{"embeddable":true,"href":"https:\/\/holzprof.ee\/et\/wp-json\/wp\/v2\/users\/1"}],"replies":[{"embeddable":true,"href":"https:\/\/holzprof.ee\/et\/wp-json\/wp\/v2\/comments?post=890"}],"version-history":[{"count":2,"href":"https:\/\/holzprof.ee\/et\/wp-json\/wp\/v2\/pages\/890\/revisions"}],"predecessor-version":[{"id":921,"href":"https:\/\/holzprof.ee\/et\/wp-json\/wp\/v2\/pages\/890\/revisions\/921"}],"wp:attachment":[{"href":"https:\/\/holzprof.ee\/et\/wp-json\/wp\/v2\/media?parent=890"}],"curies":[{"name":"wp","href":"https:\/\/api.w.org\/{rel}","templated":true}]}}